{"id":98,"date":"2021-11-30T23:32:08","date_gmt":"2021-12-01T02:32:08","guid":{"rendered":"https:\/\/efxpedais.com\/loja\/?post_type=product&#038;p=98"},"modified":"2025-01-03T11:01:33","modified_gmt":"2025-01-03T14:01:33","slug":"aby","status":"publish","type":"product","link":"https:\/\/efxpedais.com\/loja\/shop\/seletores-fonte\/seletores\/aby\/","title":{"rendered":"ABY"},"content":{"rendered":"<p class=\"prefacio\"><span>Duplique ou misture canais.<\/span><\/p>\n<p><!--more--><\/p>\n<p>Pedal passivo que permite a escolha entre 2 entradas para 1 sa\u00edda ou 2 saidas para 1 entrada. Tamb\u00e9m permite que as 2 entradas (ou sa\u00eddas) funcionem ao mesmo tempo em &#8220;Y&#8221;. O plug de fonte (ou bateria) \u00e9 utilizado apenas para ligar os LEDs indicadores.<\/p>\n<p>&nbsp;<\/p>\n<p>&nbsp;<\/p>\n<p>&nbsp;<\/p>\n<p>&nbsp;<\/p>\n<p><strong> <\/strong><\/p>\n<p><strong>Especifica\u00e7\u00f5es:<\/strong><\/p>\n<ul class=\"especificacoes\">\n<li>Dimens\u00f5es(CxLxA): 10cm x 8cm x 6cm<\/li>\n<li>True Bypass<\/li>\n<li>Caixa de alum\u00ednio<\/li>\n<li>Fundo anti derrapante<\/li>\n<\/ul>\n<\/div>\n","protected":false},"excerpt":{"rendered":"<p>Duplique ou misture canais.<\/p>\n","protected":false},"featured_media":229,"comment_status":"open","ping_status":"closed","template":"","meta":[],"product_cat":[15,34],"product_tag":[],"_links":{"self":[{"href":"https:\/\/efxpedais.com\/loja\/wp-json\/wp\/v2\/product\/98"}],"collection":[{"href":"https:\/\/efxpedais.com\/loja\/wp-json\/wp\/v2\/product"}],"about":[{"href":"https:\/\/efxpedais.com\/loja\/wp-json\/wp\/v2\/types\/product"}],"replies":[{"embeddable":true,"href":"https:\/\/efxpedais.com\/loja\/wp-json\/wp\/v2\/comments?post=98"}],"wp:featuredmedia":[{"embeddable":true,"href":"https:\/\/efxpedais.com\/loja\/wp-json\/wp\/v2\/media\/229"}],"wp:attachment":[{"href":"https:\/\/efxpedais.com\/loja\/wp-json\/wp\/v2\/media?parent=98"}],"wp:term":[{"taxonomy":"product_cat","embeddable":true,"href":"https:\/\/efxpedais.com\/loja\/wp-json\/wp\/v2\/product_cat?post=98"},{"taxonomy":"product_tag","embeddable":true,"href":"https:\/\/efxpedais.com\/loja\/wp-json\/wp\/v2\/product_tag?post=98"}],"curies":[{"name":"wp","href":"https:\/\/api.w.org\/{rel}","templated":true}]}}