{"id":97,"date":"2021-11-30T23:32:08","date_gmt":"2021-12-01T02:32:08","guid":{"rendered":"https:\/\/efxpedais.com\/loja\/?post_type=product&#038;p=97"},"modified":"2025-01-03T11:24:02","modified_gmt":"2025-01-03T14:24:02","slug":"acoustic-simulator","status":"publish","type":"product","link":"https:\/\/efxpedais.com\/loja\/shop\/compressor-simulador\/simulador\/acoustic-simulator\/","title":{"rendered":"Acoustic Simulator"},"content":{"rendered":"<p class=\"prefacio\"><span>Simula um viol\u00e3o com cordas de a\u00e7o.<\/span><\/p>\n<p><!--more--><\/p>\n<p>Pedal que faz a simula\u00e7\u00e3o de guitarra acustica (Viol\u00e3o de a\u00e7o). Baseado  no Boss AC2, possui controle de Bass, Mid, Bright e Level. Nesse modelo o  controle MODE do original da boss que tem 4 op\u00e7\u00f5es de timbre, foi  substituido pelo controle Mid que proporciona uma gama infinita de  &#8220;modes&#8221;, tornando assim o pedal mais vers\u00e1til que o original, al\u00e9m de  ser true bypass. O Acoustic Simulator EFX soa melhor em guitarras com  capta\u00e7\u00e3o single no bra\u00e7o.<\/p>\n<p><strong>Controles:<\/strong><\/p>\n<ul>\n<li><strong>BASS:<\/strong> Graves<strong> <\/strong><\/li>\n<li><strong>MID:<\/strong> M\u00e9dios<strong> <\/strong><\/li>\n<li><strong>BRIGHT:<\/strong> Brilho<strong> <\/strong><\/li>\n<li><strong>LEVEL:<\/strong> Volume<\/li>\n<\/ul>\n<p>&nbsp;<\/p>\n<p><strong>Especifica\u00e7\u00f5es:<\/strong><\/p>\n<ul class=\"especificacoes\">\n<li>Dimens\u00f5es(CxLxA): 10cm x 8cm x 6cm<\/li>\n<li>True Bypass<\/li>\n<li>Caixa de a\u00e7o carbono<\/li>\n<li>Plug de fonte (padr\u00e3o Boss)<\/li>\n<li>Clip para bateria 9v<\/li>\n<li>Fundo anti derrapante<\/li>\n<\/ul>\n<\/div>\n<h3>Audio Samples<\/h3>\n<p><iframe loading=\"lazy\" width=\"100%\" height=\"81\" scrolling=\"no\" frameborder=\"no\" src=\"https:\/\/w.soundcloud.com\/player\/?url=https%3A\/\/api.soundcloud.com\/tracks\/16736023&amp;auto_play=false&amp;hide_related=false&amp;show_comments=true&amp;show_user=true&amp;show_reposts=false&amp;visual=true\"><\/iframe><\/p>\n<p><iframe loading=\"lazy\" width=\"100%\" height=\"81\" scrolling=\"no\" frameborder=\"no\" src=\"https:\/\/w.soundcloud.com\/player\/?url=https%3A\/\/api.soundcloud.com\/tracks\/16736024&amp;auto_play=false&amp;hide_related=false&amp;show_comments=true&amp;show_user=true&amp;show_reposts=false&amp;visual=true\"><\/iframe><\/p>\n<p><iframe loading=\"lazy\" width=\"100%\" height=\"81\" scrolling=\"no\" frameborder=\"no\" src=\"https:\/\/w.soundcloud.com\/player\/?url=https%3A\/\/api.soundcloud.com\/tracks\/16736025&amp;auto_play=false&amp;hide_related=false&amp;show_comments=true&amp;show_user=true&amp;show_reposts=false&amp;visual=true\"><\/iframe><\/p>\n<p><iframe loading=\"lazy\" width=\"100%\" height=\"81\" scrolling=\"no\" frameborder=\"no\" src=\"https:\/\/w.soundcloud.com\/player\/?url=https%3A\/\/api.soundcloud.com\/tracks\/16736027&amp;auto_play=false&amp;hide_related=false&amp;show_comments=true&amp;show_user=true&amp;show_reposts=false&amp;visual=true\"><\/iframe><\/p>\n","protected":false},"excerpt":{"rendered":"<p>Simula um viol\u00e3o com cordas de a\u00e7o.<\/p>\n","protected":false},"featured_media":230,"comment_status":"open","ping_status":"closed","template":"","meta":[],"product_cat":[15,37,20],"product_tag":[],"_links":{"self":[{"href":"https:\/\/efxpedais.com\/loja\/wp-json\/wp\/v2\/product\/97"}],"collection":[{"href":"https:\/\/efxpedais.com\/loja\/wp-json\/wp\/v2\/product"}],"about":[{"href":"https:\/\/efxpedais.com\/loja\/wp-json\/wp\/v2\/types\/product"}],"replies":[{"embeddable":true,"href":"https:\/\/efxpedais.com\/loja\/wp-json\/wp\/v2\/comments?post=97"}],"wp:featuredmedia":[{"embeddable":true,"href":"https:\/\/efxpedais.com\/loja\/wp-json\/wp\/v2\/media\/230"}],"wp:attachment":[{"href":"https:\/\/efxpedais.com\/loja\/wp-json\/wp\/v2\/media?parent=97"}],"wp:term":[{"taxonomy":"product_cat","embeddable":true,"href":"https:\/\/efxpedais.com\/loja\/wp-json\/wp\/v2\/product_cat?post=97"},{"taxonomy":"product_tag","embeddable":true,"href":"https:\/\/efxpedais.com\/loja\/wp-json\/wp\/v2\/product_tag?post=97"}],"curies":[{"name":"wp","href":"https:\/\/api.w.org\/{rel}","templated":true}]}}