{"id":96,"date":"2021-11-30T23:32:07","date_gmt":"2021-12-01T02:32:07","guid":{"rendered":"https:\/\/efxpedais.com\/loja\/?post_type=product&#038;p=96"},"modified":"2025-01-03T11:21:46","modified_gmt":"2025-01-03T14:21:46","slug":"super-looper","status":"publish","type":"product","link":"https:\/\/efxpedais.com\/loja\/shop\/seletores-fonte\/seletores\/super-looper\/","title":{"rendered":"Super Looper"},"content":{"rendered":"<p class=\"prefacio\"><span>Loop + Switch do amp.<\/span><\/p>\n<p><!--more--><\/p>\n<p>Com ele voc\u00ea tem a op\u00e7\u00e3o de selecionar entre 2 linhas de pedais A e B, e  ao mesmo tempo mudar o canal do amplificador (caso ele tenha essa  op\u00e7\u00e3o). Da pra usar por exemplo o set de pedais da linha A no canal  limpo e o set de pedais B no canal sujo do amplificador com uma pisada  s\u00f3.<\/p>\n<p>&nbsp;<\/p>\n<p>&nbsp;<\/p>\n<p>&nbsp;<\/p>\n<p>&nbsp;<\/p>\n<p><strong>Especifica\u00e7\u00f5es: <\/strong><\/p>\n<ul class=\"especificacoes\">\n<li>Dimens\u00f5es(CxLxA): 10cm x 8cm x 6cm<\/li>\n<li>True Bypass<\/li>\n<li>Caixa de a\u00e7o carbono<\/li>\n<li>Fundo anti derrapante<\/li>\n<\/ul>\n<\/div>\n","protected":false},"excerpt":{"rendered":"<p>Loop + Switch do amp.<\/p>\n","protected":false},"featured_media":242,"comment_status":"open","ping_status":"closed","template":"","meta":[],"product_cat":[15,34],"product_tag":[],"_links":{"self":[{"href":"https:\/\/efxpedais.com\/loja\/wp-json\/wp\/v2\/product\/96"}],"collection":[{"href":"https:\/\/efxpedais.com\/loja\/wp-json\/wp\/v2\/product"}],"about":[{"href":"https:\/\/efxpedais.com\/loja\/wp-json\/wp\/v2\/types\/product"}],"replies":[{"embeddable":true,"href":"https:\/\/efxpedais.com\/loja\/wp-json\/wp\/v2\/comments?post=96"}],"wp:featuredmedia":[{"embeddable":true,"href":"https:\/\/efxpedais.com\/loja\/wp-json\/wp\/v2\/media\/242"}],"wp:attachment":[{"href":"https:\/\/efxpedais.com\/loja\/wp-json\/wp\/v2\/media?parent=96"}],"wp:term":[{"taxonomy":"product_cat","embeddable":true,"href":"https:\/\/efxpedais.com\/loja\/wp-json\/wp\/v2\/product_cat?post=96"},{"taxonomy":"product_tag","embeddable":true,"href":"https:\/\/efxpedais.com\/loja\/wp-json\/wp\/v2\/product_tag?post=96"}],"curies":[{"name":"wp","href":"https:\/\/api.w.org\/{rel}","templated":true}]}}