{"id":93,"date":"2021-11-30T23:32:06","date_gmt":"2021-12-01T02:32:06","guid":{"rendered":"https:\/\/efxpedais.com\/loja\/?post_type=product&#038;p=93"},"modified":"2025-01-03T11:02:56","modified_gmt":"2025-01-03T14:02:56","slug":"phaser","status":"publish","type":"product","link":"https:\/\/efxpedais.com\/loja\/shop\/modulacao-noisemaker\/modulacao\/phaser\/","title":{"rendered":"Phaser"},"content":{"rendered":"<p class=\"prefacio\"><span>Controles a mais para o Phase 90.<\/span><\/p>\n<p><!--more--><\/p>\n<p>Phaser que tem o timbre cl\u00e1ssico do phase90 vintage da MXR porem com  muitos controles a mais. A chave Phaser\/Vibrato aciona o modo Vibrato  que \u00e9 um verdadeiro vibrato, mudando o pitch da onda com a modula\u00e7ao.  Al\u00e9m do controle de velocidade (Rate), possui Level (volume) e Width  (comprimento da onda). Mudando o Width  podemos ir de sons tipo  &#8220;vibrato&#8221; pra sons meio &#8220;vibe&#8221; passando pelo som phaser normal e indo  alem, para um som mais ardido e agudo. O controle de volume permite  tirar a &#8220;perda&#8221; que eventualmente os phasers podem ter, e ir ate um  volume incrivelmente alto. A chave Script\/Logo muda a intensidade do  phaser. Na posi\u00e7\u00e3o Script, remete ao Phase90 vintage, mais suave, e na  posi\u00e7\u00e3o Logo remete ao Phase90 mais moderno vendido hoje em dia.<\/p>\n<p>&nbsp;<\/p>\n<p><strong>Controles: <\/strong><\/p>\n<ul>\n<li><strong>WIDTH:<\/strong> Comprimento da onda<strong> <\/strong><\/li>\n<li><strong>RATE:<\/strong> Velocidade<strong> <\/strong><\/li>\n<li><strong>LEVEL:<\/strong> Volume<\/li>\n<\/ul>\n<p><strong>Especifica\u00e7\u00f5es: <\/strong><\/p>\n<ul class=\"especificacoes\">\n<li>Dimens\u00f5es(CxLxA): 10cm x 8cm x 6cm<\/li>\n<li>True Bypass<\/li>\n<li>Clip de bateria<\/li>\n<li>Plug de fonte (padr\u00e3o Boss)<\/li>\n<li>Caixa de a\u00e7o carbono<\/li>\n<li>Fundo anti derrapante<\/li>\n<\/ul>\n<\/div>\n<h3>Audio Samples<\/h3>\n<p><iframe loading=\"lazy\" width=\"100%\" height=\"81\" scrolling=\"no\" frameborder=\"no\" src=\"https:\/\/w.soundcloud.com\/player\/?url=https%3A\/\/api.soundcloud.com\/tracks\/16734649&amp;auto_play=false&amp;hide_related=false&amp;show_comments=true&amp;show_user=true&amp;show_reposts=false&amp;visual=true\"><\/iframe><\/p>\n<p><iframe loading=\"lazy\" width=\"100%\" height=\"81\" scrolling=\"no\" frameborder=\"no\" src=\"https:\/\/w.soundcloud.com\/player\/?url=https%3A\/\/api.soundcloud.com\/tracks\/16734651&amp;auto_play=false&amp;hide_related=false&amp;show_comments=true&amp;show_user=true&amp;show_reposts=false&amp;visual=true\"><\/iframe><\/p>\n<p><iframe loading=\"lazy\" width=\"100%\" height=\"81\" scrolling=\"no\" frameborder=\"no\" src=\"https:\/\/w.soundcloud.com\/player\/?url=https%3A\/\/api.soundcloud.com\/tracks\/16734650&amp;auto_play=false&amp;hide_related=false&amp;show_comments=true&amp;show_user=true&amp;show_reposts=false&amp;visual=true\"><\/iframe><\/p>\n","protected":false},"excerpt":{"rendered":"<p>Controles a mais para o Phase 90.<\/p>\n","protected":false},"featured_media":245,"comment_status":"open","ping_status":"closed","template":"","meta":[],"product_cat":[15,28],"product_tag":[],"_links":{"self":[{"href":"https:\/\/efxpedais.com\/loja\/wp-json\/wp\/v2\/product\/93"}],"collection":[{"href":"https:\/\/efxpedais.com\/loja\/wp-json\/wp\/v2\/product"}],"about":[{"href":"https:\/\/efxpedais.com\/loja\/wp-json\/wp\/v2\/types\/product"}],"replies":[{"embeddable":true,"href":"https:\/\/efxpedais.com\/loja\/wp-json\/wp\/v2\/comments?post=93"}],"wp:featuredmedia":[{"embeddable":true,"href":"https:\/\/efxpedais.com\/loja\/wp-json\/wp\/v2\/media\/245"}],"wp:attachment":[{"href":"https:\/\/efxpedais.com\/loja\/wp-json\/wp\/v2\/media?parent=93"}],"wp:term":[{"taxonomy":"product_cat","embeddable":true,"href":"https:\/\/efxpedais.com\/loja\/wp-json\/wp\/v2\/product_cat?post=93"},{"taxonomy":"product_tag","embeddable":true,"href":"https:\/\/efxpedais.com\/loja\/wp-json\/wp\/v2\/product_tag?post=93"}],"curies":[{"name":"wp","href":"https:\/\/api.w.org\/{rel}","templated":true}]}}