{"id":91,"date":"2021-11-30T23:32:06","date_gmt":"2021-12-01T02:32:06","guid":{"rendered":"https:\/\/efxpedais.com\/loja\/?post_type=product&#038;p=91"},"modified":"2025-01-03T11:03:08","modified_gmt":"2025-01-03T14:03:08","slug":"pulse-vintage-tremolo","status":"publish","type":"product","link":"https:\/\/efxpedais.com\/loja\/shop\/modulacao-noisemaker\/modulacao\/pulse-vintage-tremolo\/","title":{"rendered":"Pulse Vintage Tremolo"},"content":{"rendered":"<p class=\"prefacio\"><span>Tremolo vintage ou moderno? Leve os dois num s\u00f3 pedal!<\/span><\/p>\n<p><!--more--><\/p>\n<p>Tremolo 2 em 1. De um lado o Pulsar que \u00e9 um tremolo com a onda mais  direta (como um pulso). O controle Depth regula a profundidade da  oscila\u00e7\u00e3o, o speed a velocidade. A chave na posi\u00e7\u00e3o normal faz o som  lembrar uma onda, e na posi\u00e7\u00e3o Chop deixa o som mudo no intervalo entre  os pulsos, gerando o efeito helic\u00f3ptero com o speed e depth altos. Do  outro lado o tremolo Vintage com a oscila\u00e7\u00e3o mais suave, lembrando um  tremolo de amplificador Fender. O controle de Depth e Speed \u00e9 igual ao  do Pulsar, mas esse possui um controle de Ganho, que serve para dar destaque ao tremolo, j\u00e1 que ele tem um timbre muito limpo e com  brilho. A chave Hi\/Lo serve para ter uma abrang\u00eancia maior de  velocidade. Eles podem ser usados tanto juntos quanto separados. Quando  usados juntos, d\u00e3o um efeito de sobre modula\u00e7\u00e3o que \u00e9 diferente de  qualquer tremolo.<\/p>\n<p><strong>Controles: <\/strong><\/p>\n<ul>\n<li><strong><\/strong><strong>DEPTH:<\/strong> Profundidade<\/li>\n<li><strong>SPEED:<\/strong> Velocidade<\/li>\n<li><strong>GAIN:<\/strong> Volume<strong> <\/strong><\/li>\n<\/ul>\n<p><strong>Especifica\u00e7\u00f5es: <\/strong><\/p>\n<ul class=\"especificacoes\">\n<li>Dimens\u00f5es(CxLxA): 11cm x 9cm x 6,5cm<\/li>\n<li>True Bypass<\/li>\n<li>Clip de bateria<\/li>\n<li>Plug de fonte (padr\u00e3o Boss)<\/li>\n<li>Caixa de a\u00e7o carbono<\/li>\n<li>Fundo anti derrapante<\/li>\n<\/ul>\n<\/div>\n<h3>Audio Samples<\/h3>\n<p><iframe loading=\"lazy\" width=\"100%\" height=\"81\" scrolling=\"no\" frameborder=\"no\" src=\"https:\/\/w.soundcloud.com\/player\/?url=https%3A\/\/api.soundcloud.com\/tracks\/16734672&amp;auto_play=false&amp;hide_related=false&amp;show_comments=true&amp;show_user=true&amp;show_reposts=false&amp;visual=true\"><\/iframe><\/p>\n<p><iframe loading=\"lazy\" width=\"100%\" height=\"81\" scrolling=\"no\" frameborder=\"no\" src=\"https:\/\/w.soundcloud.com\/player\/?url=https%3A\/\/api.soundcloud.com\/tracks\/16734673&amp;auto_play=false&amp;hide_related=false&amp;show_comments=true&amp;show_user=true&amp;show_reposts=false&amp;visual=true\"><\/iframe><\/p>\n<p><iframe loading=\"lazy\" width=\"100%\" height=\"81\" scrolling=\"no\" frameborder=\"no\" src=\"https:\/\/w.soundcloud.com\/player\/?url=https%3A\/\/api.soundcloud.com\/tracks\/16734674&amp;auto_play=false&amp;hide_related=false&amp;show_comments=true&amp;show_user=true&amp;show_reposts=false&amp;visual=true\"><\/iframe><\/p>\n<p><iframe loading=\"lazy\" width=\"100%\" height=\"81\" scrolling=\"no\" frameborder=\"no\" src=\"https:\/\/w.soundcloud.com\/player\/?url=https%3A\/\/api.soundcloud.com\/tracks\/16734675&amp;auto_play=false&amp;hide_related=false&amp;show_comments=true&amp;show_user=true&amp;show_reposts=false&amp;visual=true\"><\/iframe><\/p>\n<p><iframe loading=\"lazy\" width=\"100%\" height=\"81\" scrolling=\"no\" frameborder=\"no\" src=\"https:\/\/w.soundcloud.com\/player\/?url=https%3A\/\/api.soundcloud.com\/tracks\/16734676&amp;auto_play=false&amp;hide_related=false&amp;show_comments=true&amp;show_user=true&amp;show_reposts=false&amp;visual=true\"><\/iframe><\/p>\n","protected":false},"excerpt":{"rendered":"<p>Tremolo vintage ou moderno? Leve os dois num s\u00f3 pedal!<\/p>\n","protected":false},"featured_media":249,"comment_status":"open","ping_status":"closed","template":"","meta":[],"product_cat":[15,28],"product_tag":[],"_links":{"self":[{"href":"https:\/\/efxpedais.com\/loja\/wp-json\/wp\/v2\/product\/91"}],"collection":[{"href":"https:\/\/efxpedais.com\/loja\/wp-json\/wp\/v2\/product"}],"about":[{"href":"https:\/\/efxpedais.com\/loja\/wp-json\/wp\/v2\/types\/product"}],"replies":[{"embeddable":true,"href":"https:\/\/efxpedais.com\/loja\/wp-json\/wp\/v2\/comments?post=91"}],"wp:featuredmedia":[{"embeddable":true,"href":"https:\/\/efxpedais.com\/loja\/wp-json\/wp\/v2\/media\/249"}],"wp:attachment":[{"href":"https:\/\/efxpedais.com\/loja\/wp-json\/wp\/v2\/media?parent=91"}],"wp:term":[{"taxonomy":"product_cat","embeddable":true,"href":"https:\/\/efxpedais.com\/loja\/wp-json\/wp\/v2\/product_cat?post=91"},{"taxonomy":"product_tag","embeddable":true,"href":"https:\/\/efxpedais.com\/loja\/wp-json\/wp\/v2\/product_tag?post=91"}],"curies":[{"name":"wp","href":"https:\/\/api.w.org\/{rel}","templated":true}]}}