{"id":86,"date":"2021-11-30T23:32:04","date_gmt":"2021-12-01T02:32:04","guid":{"rendered":"https:\/\/efxpedais.com\/loja\/?post_type=product&#038;p=86"},"modified":"2025-01-03T11:04:05","modified_gmt":"2025-01-03T14:04:05","slug":"maximizer","status":"publish","type":"product","link":"https:\/\/efxpedais.com\/loja\/shop\/amp-preamp-boost\/preamp\/maximizer\/","title":{"rendered":"Maximizer"},"content":{"rendered":"<p class=\"prefacio\"><span>Equilibrio, peso e brilho. \u00c9 impressionante o que \u00e9 capaz.<\/span><\/p>\n<p><!--more--><\/p>\n<p>Real\u00e7a as frequ\u00eancias e os harm\u00f4nicos dando mais profundidade aos graves e mais brilho aos agudos! Deixa o som bem equilibrado e definido, com todas as frequ\u00eancias bem balanceadas. Atrav\u00e9s do Lo Contour voc\u00ea pode adicionar um ganho de ate +12db em 50hz, e o Process de +12db em 10khz.  Utiliza-se o maximizer ao fim da cadeia de pedais, fazendo o som ao vivo soar como um som  j\u00e1 masterizado, ocasionando uma melhoria fant\u00e1stica no som. Alias, ele tamb\u00e9m pode ser  usado para masteriza\u00e7\u00e3o. Esse pedal com certeza vai &#8220;dar um grau&#8221; no som e vai fazer seu ampli pequeno soar como  uma parede. Usando-se uma distor\u00e7\u00e3o hi gain antes dele, voc\u00ea consegue palm muttings  poderosos com graves que far\u00e3o tremer as paredes, mas sem perder o brilho e agressividade  da palhetada.  Usando com som limpo, sua guitarra soar\u00e1 como uma guitarra top de linha com um timbre muito  claro e profundo.<\/p>\n<p><strong>Controles: <\/strong><\/p>\n<ul>\n<li><strong>LO CONTOUR:<\/strong> Freq\u00fc\u00eancia de 50hz<\/li>\n<li><strong>LEVEL:<\/strong> Volume<\/li>\n<li><strong>PROCESS:<\/strong> Freq\u00fc\u00eancia de 10khz<\/li>\n<\/ul>\n<p><strong>Especifica\u00e7\u00f5es: <\/strong><\/p>\n<ul class=\"especificacoes\">\n<li>Dimens\u00f5es(CxLxA): 10cm x 8cm x 6cm<\/li>\n<li>True Bypass<\/li>\n<li>Clip de bateria<\/li>\n<li>Plug de fonte (padr\u00e3o Boss)<\/li>\n<li>Caixa de a\u00e7o carbono<\/li>\n<li>Fundo anti derrapante<\/li>\n<\/ul>\n<\/div>\n<h3>Video Samples<\/h3>\n<p><iframe loading=\"lazy\" width=\"560\" height=\"315\" src=\"https:\/\/www.youtube.com\/embed\/kUj0Yofl4zg\" title=\"YouTube video player\" frameborder=\"0\" allow=\"accelerometer; autoplay; clipboard-write; encrypted-media; gyroscope; picture-in-picture\" allowfullscreen><\/iframe><\/p>\n<p><iframe loading=\"lazy\" width=\"560\" height=\"315\" src=\"https:\/\/www.youtube.com\/embed\/8vnJZrViwGg\" title=\"YouTube video player\" frameborder=\"0\" allow=\"accelerometer; autoplay; clipboard-write; encrypted-media; gyroscope; picture-in-picture\" allowfullscreen><\/iframe><\/p>\n<h3>Audio Samples<\/h3>\n<p><iframe loading=\"lazy\" width=\"100%\" height=\"81\" scrolling=\"no\" frameborder=\"no\" src=\"https:\/\/w.soundcloud.com\/player\/?url=https%3A\/\/api.soundcloud.com\/tracks\/16734638&amp;auto_play=false&amp;hide_related=false&amp;show_comments=true&amp;show_user=true&amp;show_reposts=false&amp;visual=true\"><\/iframe><br \/>\n<iframe loading=\"lazy\" width=\"100%\" height=\"81\" scrolling=\"no\" frameborder=\"no\" src=\"https:\/\/w.soundcloud.com\/player\/?url=https%3A\/\/api.soundcloud.com\/tracks\/16734642&amp;auto_play=false&amp;hide_related=false&amp;show_comments=true&amp;show_user=true&amp;show_reposts=false&amp;visual=true\"><\/iframe><br \/>\n<iframe loading=\"lazy\" width=\"100%\" height=\"81\" scrolling=\"no\" frameborder=\"no\" src=\"https:\/\/w.soundcloud.com\/player\/?url=https%3A\/\/api.soundcloud.com\/tracks\/16734641&amp;auto_play=false&amp;hide_related=false&amp;show_comments=true&amp;show_user=true&amp;show_reposts=false&amp;visual=true\"><\/iframe><br \/>\n<iframe loading=\"lazy\" width=\"100%\" height=\"81\" scrolling=\"no\" frameborder=\"no\" src=\"https:\/\/w.soundcloud.com\/player\/?url=https%3A\/\/api.soundcloud.com\/tracks\/16734640&amp;auto_play=false&amp;hide_related=false&amp;show_comments=true&amp;show_user=true&amp;show_reposts=false&amp;visual=true\"><\/iframe><iframe loading=\"lazy\" width=\"100%\" height=\"81\" scrolling=\"no\" frameborder=\"no\" src=\"https:\/\/w.soundcloud.com\/player\/?url=https%3A\/\/api.soundcloud.com\/tracks\/16734643&amp;auto_play=false&amp;hide_related=false&amp;show_comments=true&amp;show_user=true&amp;show_reposts=false&amp;visual=true\"><\/iframe><\/p>\n","protected":false},"excerpt":{"rendered":"<p>Equilibrio, peso e brilho. \u00c9 impressionante o que \u00e9 capaz.<\/p>\n","protected":false},"featured_media":260,"comment_status":"open","ping_status":"closed","template":"","meta":[],"product_cat":[15,40,37,39],"product_tag":[],"_links":{"self":[{"href":"https:\/\/efxpedais.com\/loja\/wp-json\/wp\/v2\/product\/86"}],"collection":[{"href":"https:\/\/efxpedais.com\/loja\/wp-json\/wp\/v2\/product"}],"about":[{"href":"https:\/\/efxpedais.com\/loja\/wp-json\/wp\/v2\/types\/product"}],"replies":[{"embeddable":true,"href":"https:\/\/efxpedais.com\/loja\/wp-json\/wp\/v2\/comments?post=86"}],"wp:featuredmedia":[{"embeddable":true,"href":"https:\/\/efxpedais.com\/loja\/wp-json\/wp\/v2\/media\/260"}],"wp:attachment":[{"href":"https:\/\/efxpedais.com\/loja\/wp-json\/wp\/v2\/media?parent=86"}],"wp:term":[{"taxonomy":"product_cat","embeddable":true,"href":"https:\/\/efxpedais.com\/loja\/wp-json\/wp\/v2\/product_cat?post=86"},{"taxonomy":"product_tag","embeddable":true,"href":"https:\/\/efxpedais.com\/loja\/wp-json\/wp\/v2\/product_tag?post=86"}],"curies":[{"name":"wp","href":"https:\/\/api.w.org\/{rel}","templated":true}]}}