{"id":85,"date":"2021-11-30T23:32:04","date_gmt":"2021-12-01T02:32:04","guid":{"rendered":"https:\/\/efxpedais.com\/loja\/?post_type=product&#038;p=85"},"modified":"2025-01-03T11:05:10","modified_gmt":"2025-01-03T14:05:10","slug":"treble-booster","status":"publish","type":"product","link":"https:\/\/efxpedais.com\/loja\/shop\/amp-preamp-boost\/boost\/treble-booster\/","title":{"rendered":"Treble Booster"},"content":{"rendered":"<p class=\"prefacio\"><span>Um UP nos agudos no melhor estilo Brian May.<\/span><\/p>\n<p><!--more--><\/p>\n<p>Famoso por ser utilizado por Brian May, Eric Clapton entre muitos outros  guitarristas, serve para destacar as freq\u00fc\u00eancias m\u00e9dio\/agudas, dando um  timbre e profundidade excelentes tanto para solos quanto para bases.  Fica \u00f3timo para dar boost em distor\u00e7\u00f5es, o som fica com uma cor  diferente, especialmente nos solos.<\/p>\n<p><strong>Controles: <\/strong><\/p>\n<ul>\n<li><strong>LEVEL:<\/strong> Volume<\/li>\n<\/ul>\n<p>&nbsp;<\/p>\n<p><strong>Especifica\u00e7\u00f5es: <\/strong><\/p>\n<ul class=\"especificacoes\">\n<li>Dimens\u00f5es(CxLxA): 10cm x 8cm x 6cm<\/li>\n<li>True Bypass<\/li>\n<li>Clip de bateria<\/li>\n<li>Plug de fonte (padr\u00e3o Boss)<\/li>\n<li>Caixa de a\u00e7o carbono<\/li>\n<li>Fundo anti derrapante<\/li>\n<\/ul>\n<\/div>\n<h3>Audio Samples<\/h3>\n<p><iframe loading=\"lazy\" width=\"100%\" height=\"81\" scrolling=\"no\" frameborder=\"no\" src=\"https:\/\/w.soundcloud.com\/player\/?url=https%3A\/\/api.soundcloud.com\/tracks\/16734671&amp;auto_play=false&amp;hide_related=false&amp;show_comments=true&amp;show_user=true&amp;show_reposts=false&amp;visual=true\"><\/iframe><\/p>\n<p><iframe loading=\"lazy\" width=\"100%\" height=\"81\" scrolling=\"no\" frameborder=\"no\" src=\"https:\/\/w.soundcloud.com\/player\/?url=https%3A\/\/api.soundcloud.com\/tracks\/16734670&amp;auto_play=false&amp;hide_related=false&amp;show_comments=true&amp;show_user=true&amp;show_reposts=false&amp;visual=true\"><\/iframe><\/p>\n","protected":false},"excerpt":{"rendered":"<p>Um UP nos agudos no melhor estilo Brian May.<\/p>\n","protected":false},"featured_media":259,"comment_status":"open","ping_status":"closed","template":"","meta":[],"product_cat":[15,40],"product_tag":[],"_links":{"self":[{"href":"https:\/\/efxpedais.com\/loja\/wp-json\/wp\/v2\/product\/85"}],"collection":[{"href":"https:\/\/efxpedais.com\/loja\/wp-json\/wp\/v2\/product"}],"about":[{"href":"https:\/\/efxpedais.com\/loja\/wp-json\/wp\/v2\/types\/product"}],"replies":[{"embeddable":true,"href":"https:\/\/efxpedais.com\/loja\/wp-json\/wp\/v2\/comments?post=85"}],"wp:featuredmedia":[{"embeddable":true,"href":"https:\/\/efxpedais.com\/loja\/wp-json\/wp\/v2\/media\/259"}],"wp:attachment":[{"href":"https:\/\/efxpedais.com\/loja\/wp-json\/wp\/v2\/media?parent=85"}],"wp:term":[{"taxonomy":"product_cat","embeddable":true,"href":"https:\/\/efxpedais.com\/loja\/wp-json\/wp\/v2\/product_cat?post=85"},{"taxonomy":"product_tag","embeddable":true,"href":"https:\/\/efxpedais.com\/loja\/wp-json\/wp\/v2\/product_tag?post=85"}],"curies":[{"name":"wp","href":"https:\/\/api.w.org\/{rel}","templated":true}]}}