{"id":82,"date":"2021-11-30T23:32:03","date_gmt":"2021-12-01T02:32:03","guid":{"rendered":"https:\/\/efxpedais.com\/loja\/?post_type=product&#038;p=82"},"modified":"2025-01-03T11:06:08","modified_gmt":"2025-01-03T14:06:08","slug":"scrambler","status":"publish","type":"product","link":"https:\/\/efxpedais.com\/loja\/shop\/oitavador-filter\/oitavador\/scrambler\/","title":{"rendered":"Scrambler"},"content":{"rendered":"<p class=\"prefacio\"><span>Famoso oitavador da Ampeg.<\/span><\/p>\n<p><!--more--><\/p>\n<p>Pedal oitavador, clone do famoso Ampeg Scrambler, muito utilizado por  baixistas. Acrescenta 1 oitava acima ao sinal. Com controle TEXTURE voc\u00ea  controla a textura do sinal oitavado, desde uma oitava limpa at\u00e9 uma  oitava totalmente suja meio &#8220;fuzz&#8221;. Com controle BALANCE voc\u00ea consegue  uma mistura entre o sinal limpo e o sinal gerado pelo pedal. Assim voce  consegue sons sujos e rasgados e tamb\u00e9m oitavas limpas e claras.<\/p>\n<p><strong>Controles: <\/strong><\/p>\n<ul>\n<li><strong>TEXTURE:<\/strong> Textura (oitavas)<strong> <\/strong><\/li>\n<li><strong>BALANCE<\/strong>: Mistura do som limpo<strong> <\/strong><\/li>\n<li><strong>TONE:<\/strong> Graves\/Agudos<\/li>\n<\/ul>\n<p>&nbsp;<\/p>\n<p><strong>Especifica\u00e7\u00f5es: <\/strong><\/p>\n<ul class=\"especificacoes\">\n<li>Dimens\u00f5es(CxLxA): 10cm x 8cm x 6cm<\/li>\n<li>True Bypass<\/li>\n<li>Clip de bateria<\/li>\n<li>Plug de fonte (padr\u00e3o Boss)<\/li>\n<li>Caixa de a\u00e7o carbono<\/li>\n<li>Fundo anti derrapante<\/li>\n<\/ul>\n<\/div>\n<h3>Audio Samples<\/h3>\n<p><iframe loading=\"lazy\" width=\"100%\" height=\"81\" scrolling=\"no\" frameborder=\"no\" src=\"https:\/\/w.soundcloud.com\/player\/?url=https%3A\/\/api.soundcloud.com\/tracks\/16734654&amp;auto_play=false&amp;hide_related=false&amp;show_comments=true&amp;show_user=true&amp;show_reposts=false&amp;visual=true\"><\/iframe><\/p>\n","protected":false},"excerpt":{"rendered":"<p>Famoso oitavador da Ampeg.<\/p>\n","protected":false},"featured_media":262,"comment_status":"open","ping_status":"closed","template":"","meta":[],"product_cat":[15,26,31],"product_tag":[],"_links":{"self":[{"href":"https:\/\/efxpedais.com\/loja\/wp-json\/wp\/v2\/product\/82"}],"collection":[{"href":"https:\/\/efxpedais.com\/loja\/wp-json\/wp\/v2\/product"}],"about":[{"href":"https:\/\/efxpedais.com\/loja\/wp-json\/wp\/v2\/types\/product"}],"replies":[{"embeddable":true,"href":"https:\/\/efxpedais.com\/loja\/wp-json\/wp\/v2\/comments?post=82"}],"wp:featuredmedia":[{"embeddable":true,"href":"https:\/\/efxpedais.com\/loja\/wp-json\/wp\/v2\/media\/262"}],"wp:attachment":[{"href":"https:\/\/efxpedais.com\/loja\/wp-json\/wp\/v2\/media?parent=82"}],"wp:term":[{"taxonomy":"product_cat","embeddable":true,"href":"https:\/\/efxpedais.com\/loja\/wp-json\/wp\/v2\/product_cat?post=82"},{"taxonomy":"product_tag","embeddable":true,"href":"https:\/\/efxpedais.com\/loja\/wp-json\/wp\/v2\/product_tag?post=82"}],"curies":[{"name":"wp","href":"https:\/\/api.w.org\/{rel}","templated":true}]}}