{"id":81,"date":"2021-11-30T23:31:41","date_gmt":"2021-12-01T02:31:41","guid":{"rendered":"https:\/\/efxpedais.com\/loja\/?post_type=product&#038;p=81"},"modified":"2025-01-03T11:06:14","modified_gmt":"2025-01-03T14:06:14","slug":"bass-booster","status":"publish","type":"product","link":"https:\/\/efxpedais.com\/loja\/shop\/amp-preamp-boost\/boost\/bass-booster\/","title":{"rendered":"Bass Booster"},"content":{"rendered":"<p class=\"prefacio\"><span>Um &#8216;UP nos graves.<\/span><\/p>\n<p><!--more--><\/p>\n<p>\u00c9 um bass booster, aumenta o volume apenas das freq\u00fc\u00eancias graves, pode  ser utilizado na guitarra para dar um efeito diferente ou at\u00e9 mesmo para  baixo.<\/p>\n<p>&nbsp;<\/p>\n<p>&nbsp;<\/p>\n<p>&nbsp;<\/p>\n<p>&nbsp;<\/p>\n<p><strong> <\/strong><\/p>\n<p><strong>Especifica\u00e7\u00f5es:<\/strong><\/p>\n<ul class=\"especificacoes\">\n<li>Dimens\u00f5es(CxLxA): 10cm x 8cm x 6cm<\/li>\n<li>Plug de fonte (padr\u00e3o Boss)<\/li>\n<li>Clip para bateria 9v<\/li>\n<li>True Bypass<\/li>\n<li>Caixa de alum\u00ednio<\/li>\n<li>Fundo anti derrapante<\/li>\n<\/ul>\n<\/div>\n","protected":false},"excerpt":{"rendered":"<p>Um &#8216;UP nos graves.<\/p>\n","protected":false},"featured_media":266,"comment_status":"open","ping_status":"closed","template":"","meta":[],"product_cat":[15,26,40],"product_tag":[],"_links":{"self":[{"href":"https:\/\/efxpedais.com\/loja\/wp-json\/wp\/v2\/product\/81"}],"collection":[{"href":"https:\/\/efxpedais.com\/loja\/wp-json\/wp\/v2\/product"}],"about":[{"href":"https:\/\/efxpedais.com\/loja\/wp-json\/wp\/v2\/types\/product"}],"replies":[{"embeddable":true,"href":"https:\/\/efxpedais.com\/loja\/wp-json\/wp\/v2\/comments?post=81"}],"wp:featuredmedia":[{"embeddable":true,"href":"https:\/\/efxpedais.com\/loja\/wp-json\/wp\/v2\/media\/266"}],"wp:attachment":[{"href":"https:\/\/efxpedais.com\/loja\/wp-json\/wp\/v2\/media?parent=81"}],"wp:term":[{"taxonomy":"product_cat","embeddable":true,"href":"https:\/\/efxpedais.com\/loja\/wp-json\/wp\/v2\/product_cat?post=81"},{"taxonomy":"product_tag","embeddable":true,"href":"https:\/\/efxpedais.com\/loja\/wp-json\/wp\/v2\/product_tag?post=81"}],"curies":[{"name":"wp","href":"https:\/\/api.w.org\/{rel}","templated":true}]}}