{"id":75,"date":"2021-11-30T23:31:39","date_gmt":"2021-12-01T02:31:39","guid":{"rendered":"https:\/\/efxpedais.com\/loja\/?post_type=product&#038;p=75"},"modified":"2025-01-03T11:09:36","modified_gmt":"2025-01-03T14:09:36","slug":"ugly-mamute","status":"publish","type":"product","link":"https:\/\/efxpedais.com\/loja\/shop\/overdrivesedistorcoes\/fuzz\/ugly-mamute\/","title":{"rendered":"Ugly Mamute"},"content":{"rendered":"<p class=\"prefacio\"><span>Nosso Fuzz para Baixistas que serve tamb\u00e9m para guitarra.<\/span><\/p>\n<p><!--more--><\/p>\n<p>Pedal de fuzz que foi originalmente projetado para baixo. Conserva as  frequ\u00eancias graves acrescentando fuzz cremoso ou rasgado conforme voc\u00ea  regular o &#8216;Wool&#8217; e &#8216;Pinch&#8217;. Ainda possui um knob de EQ que torna o pedal  mais din\u00e2mico, soando legal com guitarra tamb\u00e9m.<\/p>\n<p>&nbsp;<br \/>\n<strong>Controles: <\/strong><\/p>\n<ul>\n<li><strong> <\/strong><strong>OUTPUT:<\/strong> Volume<strong> <\/strong><\/li>\n<li><strong>EQ:<\/strong> Graves\/Agudos<strong> <\/strong><\/li>\n<li><strong>WOOL:<\/strong> Fuzz<strong> <\/strong><\/li>\n<li><strong>PINCH:<\/strong> Comprimento da onda quadrada<\/li>\n<\/ul>\n<p>&nbsp;<\/p>\n<p><strong>Especifica\u00e7\u00f5es: <\/strong><\/p>\n<ul class=\"especificacoes\">\n<li>Dimens\u00f5es(CxLxA): 10cm x 8cm x 6cm<\/li>\n<li>True Bypass<\/li>\n<li>Plug de fonte (padr\u00e3o Boss)<\/li>\n<li>Clip de bateria<\/li>\n<li>Caixa de a\u00e7o carbono<\/li>\n<li>Fundo anti derrapante<\/li>\n<\/ul>\n<\/div>\n<h3>Video Samples<\/h3>\n<p><iframe loading=\"lazy\" width=\"560\" height=\"315\" src=\"http:\/\/www.youtube.com\/embed\/ADt8Va1FeTo\" frameborder=\"0\" allowfullscreen=\"\"><\/iframe><\/p>\n<h3>Audio Samples<\/h3>\n<p><iframe loading=\"lazy\" width=\"100%\" height=\"81\" scrolling=\"no\" frameborder=\"no\" src=\"https:\/\/w.soundcloud.com\/player\/?url=https%3A\/\/api.soundcloud.com\/tracks\/16734687&amp;auto_play=false&amp;hide_related=false&amp;show_comments=true&amp;show_user=true&amp;show_reposts=false&amp;visual=true\"><\/iframe><\/p>\n","protected":false},"excerpt":{"rendered":"<p>Nosso Fuzz para Baixistas que serve tamb\u00e9m para guitarra.<\/p>\n","protected":false},"featured_media":275,"comment_status":"open","ping_status":"closed","template":"","meta":[],"product_cat":[15,26,22],"product_tag":[],"_links":{"self":[{"href":"https:\/\/efxpedais.com\/loja\/wp-json\/wp\/v2\/product\/75"}],"collection":[{"href":"https:\/\/efxpedais.com\/loja\/wp-json\/wp\/v2\/product"}],"about":[{"href":"https:\/\/efxpedais.com\/loja\/wp-json\/wp\/v2\/types\/product"}],"replies":[{"embeddable":true,"href":"https:\/\/efxpedais.com\/loja\/wp-json\/wp\/v2\/comments?post=75"}],"wp:featuredmedia":[{"embeddable":true,"href":"https:\/\/efxpedais.com\/loja\/wp-json\/wp\/v2\/media\/275"}],"wp:attachment":[{"href":"https:\/\/efxpedais.com\/loja\/wp-json\/wp\/v2\/media?parent=75"}],"wp:term":[{"taxonomy":"product_cat","embeddable":true,"href":"https:\/\/efxpedais.com\/loja\/wp-json\/wp\/v2\/product_cat?post=75"},{"taxonomy":"product_tag","embeddable":true,"href":"https:\/\/efxpedais.com\/loja\/wp-json\/wp\/v2\/product_tag?post=75"}],"curies":[{"name":"wp","href":"https:\/\/api.w.org\/{rel}","templated":true}]}}