{"id":73,"date":"2021-11-30T23:31:39","date_gmt":"2021-12-01T02:31:39","guid":{"rendered":"https:\/\/efxpedais.com\/loja\/?post_type=product&#038;p=73"},"modified":"2025-01-03T11:09:24","modified_gmt":"2025-01-03T14:09:24","slug":"tube-baby","status":"publish","type":"product","link":"https:\/\/efxpedais.com\/loja\/shop\/amp-preamp-boost\/preamp\/tube-baby\/","title":{"rendered":"Tube Baby"},"content":{"rendered":"<p class=\"prefacio\"><span>Super Screamer, Sparkle Pedal e Beb\u00ea Preamp juntos num pedal definitivo.<\/span><\/p>\n<p><!--more--><\/p>\n<p>Pedal de overdrive lo gain mais completo que existe. Com ele voce pode tirar sons do Super Screamer, Beb\u00ea Preamp e  Sparkle Pedal. Baseado no circuito vintage do tube screamer ts808, aliado a  equaliza\u00e7\u00e3o ativa poderosa (Bass\/Treble) e o controle preciso de mistura  com o som limpo (Clean). O controle de Bass, Treble e Volume funcionam para qualquer  regulagem do Clean, ou seja, se voc\u00ea quiser um preamp totalmente limpo,  basta colocar o clean no m\u00e1ximo e regular os n\u00edveis de graves, agudos e  volume, ou seja um verdadeiro preamp limpo.<\/p>\n<p>Voltando o controle clean  come\u00e7a a aparecer a distor\u00e7\u00e3o, que \u00e9 controlada pelo Gain e Presence  para empurrar os m\u00e9dios gritantes da crian\u00e7a.<\/p>\n<p>&nbsp;<\/p>\n<p><strong>Controles: <\/strong><\/p>\n<ul>\n<li><strong>BASS:<\/strong> Graves<\/li>\n<li><strong>TREBLE:<\/strong> Agudos<\/li>\n<li><strong>VOLUME:<\/strong> Volume<\/li>\n<li><strong>PRSNC:<\/strong> M\u00e9dios<\/li>\n<li><strong>GAIN:<\/strong> Ganho<\/li>\n<li><strong>CLEAN:<\/strong> Mistura do som limpo com o distorcido<\/li>\n<\/ul>\n<p><strong>Especifica\u00e7\u00f5es: <\/strong><\/p>\n<ul class=\"especificacoes\">\n<li>Dimens\u00f5es(CxLxA): 11cm x 6,5cm x 5cm<\/li>\n<li>True Bypass<\/li>\n<li>Plug de fonte (padr\u00e3o Boss)<\/li>\n<li>Caixa de a\u00e7o carbono<\/li>\n<li>Fundo anti derrapante<\/li>\n<\/ul>\n<\/div>\n<h3>Videos<\/h3>\n<p><iframe loading=\"lazy\" width=\"560\" height=\"315\" src=\"https:\/\/www.youtube.com\/embed\/4Q296szn9V0?si=xu-Hacv5pUTxragZ\" title=\"YouTube video player\" frameborder=\"0\" allow=\"accelerometer; autoplay; clipboard-write; encrypted-media; gyroscope; picture-in-picture; web-share\" allowfullscreen><\/iframe><\/p>\n<p><iframe loading=\"lazy\" width=\"560\" height=\"315\" src=\"https:\/\/www.youtube.com\/embed\/YGKUj0dWyzg?si=NsbxZdpXN3s9wpxr\" title=\"YouTube video player\" frameborder=\"0\" allow=\"accelerometer; autoplay; clipboard-write; encrypted-media; gyroscope; picture-in-picture; web-share\" allowfullscreen><\/iframe><\/p>\n","protected":false},"excerpt":{"rendered":"<p>Super Screamer, Sparkle Pedal e Beb\u00ea Preamp juntos num pedal definitivo.<\/p>\n","protected":false},"featured_media":748,"comment_status":"open","ping_status":"closed","template":"","meta":[],"product_cat":[15,44,26,23,39],"product_tag":[],"_links":{"self":[{"href":"https:\/\/efxpedais.com\/loja\/wp-json\/wp\/v2\/product\/73"}],"collection":[{"href":"https:\/\/efxpedais.com\/loja\/wp-json\/wp\/v2\/product"}],"about":[{"href":"https:\/\/efxpedais.com\/loja\/wp-json\/wp\/v2\/types\/product"}],"replies":[{"embeddable":true,"href":"https:\/\/efxpedais.com\/loja\/wp-json\/wp\/v2\/comments?post=73"}],"wp:featuredmedia":[{"embeddable":true,"href":"https:\/\/efxpedais.com\/loja\/wp-json\/wp\/v2\/media\/748"}],"wp:attachment":[{"href":"https:\/\/efxpedais.com\/loja\/wp-json\/wp\/v2\/media?parent=73"}],"wp:term":[{"taxonomy":"product_cat","embeddable":true,"href":"https:\/\/efxpedais.com\/loja\/wp-json\/wp\/v2\/product_cat?post=73"},{"taxonomy":"product_tag","embeddable":true,"href":"https:\/\/efxpedais.com\/loja\/wp-json\/wp\/v2\/product_tag?post=73"}],"curies":[{"name":"wp","href":"https:\/\/api.w.org\/{rel}","templated":true}]}}