{"id":71,"date":"2021-11-30T23:31:38","date_gmt":"2021-12-01T02:31:38","guid":{"rendered":"https:\/\/efxpedais.com\/loja\/?post_type=product&#038;p=71"},"modified":"2025-01-03T11:13:07","modified_gmt":"2025-01-03T14:13:07","slug":"shredder","status":"publish","type":"product","link":"https:\/\/efxpedais.com\/loja\/shop\/overdrivesedistorcoes\/distorcao\/shredder\/","title":{"rendered":"Shredder"},"content":{"rendered":"<p class=\"prefacio\"><span>Colocamos um cabe\u00e7ote Marshall ao alcance do seu p\u00e9.<\/span><\/p>\n<p><!--more--><\/p>\n<p>Pedal que simula a distor\u00e7\u00e3o de um   cabe\u00e7ote Marshall. Com os controles  de Treble, Bass e Contour, \u00e9 poss\u00edvel chegar   a qualquer tipo de  timbre. Para quem achava o pedal original meio &#8220;abafado&#8221;,   esse possui  uma chave que alterna entre o Shred Master original (Mode I) para um    Shred Master com mais brilho (Mode II).<\/p>\n<p><strong>Controles: <\/strong><\/p>\n<ul>\n<li><strong> <\/strong><strong>BASS: <\/strong>Graves<\/li>\n<li><strong>MiDDLE:<\/strong> M\u00e9dios<\/li>\n<li><strong>TREBLE<\/strong>:<strong> <\/strong>Agudos<\/li>\n<li><strong>VOLUME: <\/strong>Volume<\/li>\n<li><strong>GAIN:<\/strong> Distor\u00e7\u00e3o<\/li>\n<li><strong>MODE I E II:<\/strong> Shred Master original (Mode I) para um    Shred Master com mais brilho (Mode II).<\/li>\n<\/ul>\n<p><strong>Especifica\u00e7\u00f5es: <\/strong><\/p>\n<ul class=\"especificacoes\">\n<li>Dimens\u00f5es(CxLxA): 10cm x 8cm x 6cm<\/li>\n<li>True Bypass<\/li>\n<li>Plug de fonte (padr\u00e3o Boss)<\/li>\n<li>Caixa de a\u00e7o carbono<\/li>\n<li>Fundo anti derrapante<\/li>\n<\/ul>\n<\/div>\n<h3>Audio Samples<\/h3>\n<p><iframe loading=\"lazy\" width=\"100%\" height=\"81\" scrolling=\"no\" frameborder=\"no\" src=\"https:\/\/w.soundcloud.com\/player\/?url=https%3A\/\/api.soundcloud.com\/tracks\/16734658&amp;auto_play=false&amp;hide_related=false&amp;show_comments=true&amp;show_user=true&amp;show_reposts=false&amp;visual=true\"><\/iframe><\/p>\n<p><iframe loading=\"lazy\" width=\"100%\" height=\"81\" scrolling=\"no\" frameborder=\"no\" src=\"https:\/\/w.soundcloud.com\/player\/?url=https%3A\/\/api.soundcloud.com\/tracks\/16734657&amp;auto_play=false&amp;hide_related=false&amp;show_comments=true&amp;show_user=true&amp;show_reposts=false&amp;visual=true\"><\/iframe><\/p>\n<p><iframe loading=\"lazy\" width=\"100%\" height=\"81\" scrolling=\"no\" frameborder=\"no\" src=\"https:\/\/w.soundcloud.com\/player\/?url=https%3A\/\/api.soundcloud.com\/tracks\/16734656&amp;auto_play=false&amp;hide_related=false&amp;show_comments=true&amp;show_user=true&amp;show_reposts=false&amp;visual=true\"><\/iframe><\/p>\n<p><iframe loading=\"lazy\" width=\"100%\" height=\"81\" scrolling=\"no\" frameborder=\"no\" src=\"https:\/\/w.soundcloud.com\/player\/?url=https%3A\/\/api.soundcloud.com\/tracks\/16734655&amp;auto_play=false&amp;hide_related=false&amp;show_comments=true&amp;show_user=true&amp;show_reposts=false&amp;visual=true\"><\/iframe><\/p>\n","protected":false},"excerpt":{"rendered":"<p>Colocamos um cabe\u00e7ote Marshall ao alcance do seu p\u00e9.<\/p>\n","protected":false},"featured_media":281,"comment_status":"open","ping_status":"closed","template":"","meta":[],"product_cat":[15,21],"product_tag":[],"_links":{"self":[{"href":"https:\/\/efxpedais.com\/loja\/wp-json\/wp\/v2\/product\/71"}],"collection":[{"href":"https:\/\/efxpedais.com\/loja\/wp-json\/wp\/v2\/product"}],"about":[{"href":"https:\/\/efxpedais.com\/loja\/wp-json\/wp\/v2\/types\/product"}],"replies":[{"embeddable":true,"href":"https:\/\/efxpedais.com\/loja\/wp-json\/wp\/v2\/comments?post=71"}],"wp:featuredmedia":[{"embeddable":true,"href":"https:\/\/efxpedais.com\/loja\/wp-json\/wp\/v2\/media\/281"}],"wp:attachment":[{"href":"https:\/\/efxpedais.com\/loja\/wp-json\/wp\/v2\/media?parent=71"}],"wp:term":[{"taxonomy":"product_cat","embeddable":true,"href":"https:\/\/efxpedais.com\/loja\/wp-json\/wp\/v2\/product_cat?post=71"},{"taxonomy":"product_tag","embeddable":true,"href":"https:\/\/efxpedais.com\/loja\/wp-json\/wp\/v2\/product_tag?post=71"}],"curies":[{"name":"wp","href":"https:\/\/api.w.org\/{rel}","templated":true}]}}