{"id":67,"date":"2021-11-30T23:31:37","date_gmt":"2021-12-01T02:31:37","guid":{"rendered":"https:\/\/efxpedais.com\/loja\/?post_type=product&#038;p=67"},"modified":"2025-01-03T11:13:26","modified_gmt":"2025-01-03T14:13:26","slug":"mad-dog","status":"publish","type":"product","link":"https:\/\/efxpedais.com\/loja\/shop\/overdrivesedistorcoes\/distorcao\/mad-dog\/","title":{"rendered":"Mad Dog"},"content":{"rendered":"<p class=\"prefacio\"><span>Transformamos o &#8220;rato&#8221; num &#8220;DOG&#8221; bem louco.<\/span><\/p>\n<p><!--more--><\/p>\n<p>Pedal de overdrive\/distor\u00e7\u00e3o bem   din\u00e2mico. Baseado no Proco Rat, tem  um controle mais sens\u00edvel de ganho e um   timbre bem caracter\u00edstico, por  isso foi adotado como Mad Dog. Possui uma chave   de Clipping  Hard\/Soft. Na posi\u00e7\u00e3o Hard deixa o som mais &#8220;abelhudo&#8221;, mais    comprimido, melhor para distor\u00e7\u00f5es, na posi\u00e7\u00e3o Soft, ele abre mais o som  e   tamb\u00e9m d\u00e1 um maior volume. Como se fosse uma chave    valvulado\/transistorizado.<\/p>\n<p><strong>Controles: <\/strong><\/p>\n<ul>\n<li><strong>VOLUME:<\/strong> Volume<\/li>\n<li><strong>TONE:<\/strong> Graves\/Agudos<\/li>\n<li><strong>DIST:<\/strong> Distor\u00e7\u00e3o<\/li>\n<li><strong>HARD\/SOFT:<\/strong> Clipagem (hard = menos volume, mais drive, soft=mais volume, menos drive) Pode funcionar como boost tambem.<\/li>\n<\/ul>\n<p><strong>Especifica\u00e7\u00f5es: <\/strong><\/p>\n<ul class=\"especificacoes\">\n<li>Dimens\u00f5es(CxLxA): 10cm x 8cm x 6cm<\/li>\n<li>True Bypass<\/li>\n<li>Clipe de bateria<\/li>\n<li>Plug de fonte (padr\u00e3o Boss)<\/li>\n<li>Caixa de a\u00e7o carbono<\/li>\n<li>Fundo anti derrapante<\/li>\n<\/ul>\n<\/div>\n<h3>Video Samples<\/h3>\n<p><iframe loading=\"lazy\" src=\"https:\/\/www.youtube.com\/embed\/qXHjkiCuoQo\" allow=\"accelerometer; autoplay; clipboard-write; encrypted-media; gyroscope; picture-in-picture\" allowfullscreen=\"\" width=\"560\" height=\"315\" frameborder=\"0\"><\/iframe><\/p>\n<h3>Audio Samples<\/h3>\n<p><iframe loading=\"lazy\" scrolling=\"no\" src=\"https:\/\/w.soundcloud.com\/player\/?url=https%3A\/\/api.soundcloud.com\/tracks\/16734637&amp;auto_play=false&amp;hide_related=false&amp;show_comments=true&amp;show_user=true&amp;show_reposts=false&amp;visual=true\" width=\"100%\" height=\"81\" frameborder=\"no\"><\/iframe><\/p>\n<p><iframe loading=\"lazy\" scrolling=\"no\" src=\"https:\/\/w.soundcloud.com\/player\/?url=https%3A\/\/api.soundcloud.com\/tracks\/16734631&amp;auto_play=false&amp;hide_related=false&amp;show_comments=true&amp;show_user=true&amp;show_reposts=false&amp;visual=true\" width=\"100%\" height=\"81\" frameborder=\"no\"><\/iframe><\/p>\n<p><iframe loading=\"lazy\" scrolling=\"no\" src=\"https:\/\/w.soundcloud.com\/player\/?url=https%3A\/\/api.soundcloud.com\/tracks\/16734632&amp;auto_play=false&amp;hide_related=false&amp;show_comments=true&amp;show_user=true&amp;show_reposts=false&amp;visual=true\" width=\"100%\" height=\"81\" frameborder=\"no\"><\/iframe><\/p>\n<p><iframe loading=\"lazy\" scrolling=\"no\" src=\"https:\/\/w.soundcloud.com\/player\/?url=https%3A\/\/api.soundcloud.com\/tracks\/16734633&amp;auto_play=false&amp;hide_related=false&amp;show_comments=true&amp;show_user=true&amp;show_reposts=false&amp;visual=true\" width=\"100%\" height=\"81\" frameborder=\"no\"><\/iframe><\/p>\n<p><iframe loading=\"lazy\" scrolling=\"no\" src=\"https:\/\/w.soundcloud.com\/player\/?url=https%3A\/\/api.soundcloud.com\/tracks\/16734635&amp;auto_play=false&amp;hide_related=false&amp;show_comments=true&amp;show_user=true&amp;show_reposts=false&amp;visual=true\" width=\"100%\" height=\"81\" frameborder=\"no\"><\/iframe><\/p>\n<p><iframe loading=\"lazy\" scrolling=\"no\" src=\"https:\/\/w.soundcloud.com\/player\/?url=https%3A\/\/api.soundcloud.com\/tracks\/16734636&amp;auto_play=false&amp;hide_related=false&amp;show_comments=true&amp;show_user=true&amp;show_reposts=false&amp;visual=true\" width=\"100%\" height=\"81\" frameborder=\"no\"><\/iframe><\/p>\n<p><iframe loading=\"lazy\" scrolling=\"no\" src=\"https:\/\/w.soundcloud.com\/player\/?url=https%3A\/\/api.soundcloud.com\/tracks\/16734628&amp;auto_play=false&amp;hide_related=false&amp;show_comments=true&amp;show_user=true&amp;show_reposts=false&amp;visual=true\" width=\"100%\" height=\"81\" frameborder=\"no\"><\/iframe><\/p>\n<p><iframe loading=\"lazy\" scrolling=\"no\" src=\"https:\/\/w.soundcloud.com\/player\/?url=https%3A\/\/api.soundcloud.com\/tracks\/16734629&amp;auto_play=false&amp;hide_related=false&amp;show_comments=true&amp;show_user=true&amp;show_reposts=false&amp;visual=true\" width=\"100%\" height=\"81\" frameborder=\"no\"><\/iframe><\/p>\n<p><iframe loading=\"lazy\" scrolling=\"no\" src=\"https:\/\/w.soundcloud.com\/player\/?url=https%3A\/\/api.soundcloud.com\/tracks\/16734630&amp;auto_play=false&amp;hide_related=false&amp;show_comments=true&amp;show_user=true&amp;show_reposts=false&amp;visual=true\" width=\"100%\" height=\"81\" frameborder=\"no\"><\/iframe><\/p>\n","protected":false},"excerpt":{"rendered":"<p>Transformamos o &#8220;rato&#8221; num &#8220;DOG&#8221; bem louco.<\/p>\n","protected":false},"featured_media":284,"comment_status":"open","ping_status":"closed","template":"","meta":[],"product_cat":[15,21],"product_tag":[],"_links":{"self":[{"href":"https:\/\/efxpedais.com\/loja\/wp-json\/wp\/v2\/product\/67"}],"collection":[{"href":"https:\/\/efxpedais.com\/loja\/wp-json\/wp\/v2\/product"}],"about":[{"href":"https:\/\/efxpedais.com\/loja\/wp-json\/wp\/v2\/types\/product"}],"replies":[{"embeddable":true,"href":"https:\/\/efxpedais.com\/loja\/wp-json\/wp\/v2\/comments?post=67"}],"wp:featuredmedia":[{"embeddable":true,"href":"https:\/\/efxpedais.com\/loja\/wp-json\/wp\/v2\/media\/284"}],"wp:attachment":[{"href":"https:\/\/efxpedais.com\/loja\/wp-json\/wp\/v2\/media?parent=67"}],"wp:term":[{"taxonomy":"product_cat","embeddable":true,"href":"https:\/\/efxpedais.com\/loja\/wp-json\/wp\/v2\/product_cat?post=67"},{"taxonomy":"product_tag","embeddable":true,"href":"https:\/\/efxpedais.com\/loja\/wp-json\/wp\/v2\/product_tag?post=67"}],"curies":[{"name":"wp","href":"https:\/\/api.w.org\/{rel}","templated":true}]}}