{"id":64,"date":"2021-11-30T23:31:36","date_gmt":"2021-12-01T02:31:36","guid":{"rendered":"https:\/\/efxpedais.com\/loja\/?post_type=product&#038;p=64"},"modified":"2025-01-03T11:13:42","modified_gmt":"2025-01-03T14:13:42","slug":"wild-overdrive","status":"publish","type":"product","link":"https:\/\/efxpedais.com\/loja\/shop\/overdrivesedistorcoes\/overdrive\/wild-overdrive\/","title":{"rendered":"Wild Overdrive"},"content":{"rendered":"<p class=\"prefacio\"><span>Overdrive para empurrar distor\u00e7\u00f5es e tirar harm\u00f4nicos.<\/span><\/p>\n<p><!--more--><\/p>\n<p>Pedal usado por Zakk Wylde para dar boost no canal de distor\u00e7\u00e3o do ampli  dele. Tem um som bem grave, bem encorpado, e quando usado antes de uma  distor\u00e7\u00e3o deixa o som com a cara de Zakk Wylde, bom para tirar  harm\u00f4nicos.<\/p>\n<p><strong>Controles: <\/strong><\/p>\n<ul>\n<li><strong>LEVEL: <\/strong>Volume<\/li>\n<li><strong>TONE:<\/strong> Graves\/Agudos<\/li>\n<li><strong>DRIVE<\/strong>: Overdrive<\/li>\n<\/ul>\n<p>&nbsp;<\/p>\n<p><strong>Especifica\u00e7\u00f5es: <\/strong><\/p>\n<ul class=\"especificacoes\">\n<li>Dimens\u00f5es(CxLxA): 10cm x 8cm x 6cm<\/li>\n<li>True Bypass<\/li>\n<li>Plug de fonte (padr\u00e3o Boss)<\/li>\n<li>Caixa de a\u00e7o carbono<\/li>\n<li>Fundo anti derrapante<\/li>\n<\/ul>\n<\/div>\n<h3>Audio Samples<\/h3>\n<p><iframe loading=\"lazy\" width=\"100%\" height=\"81\" scrolling=\"no\" frameborder=\"no\" src=\"https:\/\/w.soundcloud.com\/player\/?url=https%3A\/\/api.soundcloud.com\/tracks\/16734694&amp;auto_play=false&amp;hide_related=false&amp;show_comments=true&amp;show_user=true&amp;show_reposts=false&amp;visual=true\"><\/iframe><\/p>\n","protected":false},"excerpt":{"rendered":"<p>Overdrive para empurrar distor\u00e7\u00f5es e tirar harm\u00f4nicos.<\/p>\n","protected":false},"featured_media":289,"comment_status":"open","ping_status":"closed","template":"","meta":[],"product_cat":[15,23],"product_tag":[],"_links":{"self":[{"href":"https:\/\/efxpedais.com\/loja\/wp-json\/wp\/v2\/product\/64"}],"collection":[{"href":"https:\/\/efxpedais.com\/loja\/wp-json\/wp\/v2\/product"}],"about":[{"href":"https:\/\/efxpedais.com\/loja\/wp-json\/wp\/v2\/types\/product"}],"replies":[{"embeddable":true,"href":"https:\/\/efxpedais.com\/loja\/wp-json\/wp\/v2\/comments?post=64"}],"wp:featuredmedia":[{"embeddable":true,"href":"https:\/\/efxpedais.com\/loja\/wp-json\/wp\/v2\/media\/289"}],"wp:attachment":[{"href":"https:\/\/efxpedais.com\/loja\/wp-json\/wp\/v2\/media?parent=64"}],"wp:term":[{"taxonomy":"product_cat","embeddable":true,"href":"https:\/\/efxpedais.com\/loja\/wp-json\/wp\/v2\/product_cat?post=64"},{"taxonomy":"product_tag","embeddable":true,"href":"https:\/\/efxpedais.com\/loja\/wp-json\/wp\/v2\/product_tag?post=64"}],"curies":[{"name":"wp","href":"https:\/\/api.w.org\/{rel}","templated":true}]}}