{"id":634,"date":"2023-03-03T21:01:47","date_gmt":"2023-03-04T00:01:47","guid":{"rendered":"https:\/\/efxpedais.com\/loja\/?post_type=product&#038;p=634"},"modified":"2025-01-03T10:24:56","modified_gmt":"2025-01-03T13:24:56","slug":"octave2","status":"publish","type":"product","link":"https:\/\/efxpedais.com\/loja\/shop\/oitavador-filter\/oitavador\/octave2\/","title":{"rendered":"Octave2"},"content":{"rendered":"<p>Pedal de Octave Down limpo, baseado no Boss OC-2. Sem fuzz, sem embolar!<br \/>\nFunciona bem em toda escala, com guitarras, baixos e outros instrumentos.<br \/>\nOs controles s\u00e3o dos volumes independentes do som com 1 Oitava Abaixo, 2 Oitavas Abaixo e Som Limpo, que s\u00e3o mixados na sa\u00edda do circuito.<br \/>\nUnica diferen\u00e7a para o boss \u00e9 que o nosso \u00e9 true bypass.<\/p>\n<p><strong>Controles: <\/strong><\/p>\n<ul>\n<li><strong>1 <\/strong>Volume do som com 1 oitava abaixo<\/li>\n<li><strong>2 <\/strong>Volume do som com 2 oitavas abaixo<\/li>\n<li><strong>CLEAN<\/strong>Volume do som limpo<\/li>\n<\/ul>\n<p>&nbsp;<\/p>\n<p><strong>Especifica\u00e7\u00f5es: <\/strong><\/p>\n<ul class=\"especificacoes\">\n<li>Dimens\u00f5es(CxLxA): 11cm x 6,5cm x 5cm<\/li>\n<li>True Bypass<\/li>\n<li>Plug de fonte (padr\u00e3o Boss)<\/li\n \t\n\n<li>Caixa de a\u00e7o carbono<\/li>\n<li>Fundo anti derrapante<\/li>\n<\/ul>\n<\/div>\n<h3>Video samples<\/h3>\n<p><iframe loading=\"lazy\" width=\"560\" height=\"315\" src=\"https:\/\/www.youtube.com\/embed\/oBEuz4S2Mgk?si=vtZZkdreov7pxsZc\" title=\"YouTube video player\" frameborder=\"0\" allow=\"accelerometer; autoplay; clipboard-write; encrypted-media; gyroscope; picture-in-picture; web-share\" allowfullscreen><\/iframe><\/p>\n<p><iframe loading=\"lazy\" width=\"560\" height=\"315\" src=\"https:\/\/www.youtube.com\/embed\/bn35qCF2QzY?si=V3C1GYk61AMxvKU6\" title=\"YouTube video player\" frameborder=\"0\" allow=\"accelerometer; autoplay; clipboard-write; encrypted-media; gyroscope; picture-in-picture; web-share\" allowfullscreen><\/iframe><\/p>\n","protected":false},"excerpt":{"rendered":"<p>Pedal de Octave Down limpo, baseado no Boss OC-2. Sem fuzz, sem embolar! Funciona bem em toda escala, com guitarras, baixos e outros instrumentos. Os controles s\u00e3o dos volumes independentes do som com 1 Oitava Abaixo, 2 Oitavas Abaixo e Som Limpo, que s\u00e3o mixados na sa\u00edda do circuito. Unica diferen\u00e7a para o boss \u00e9<\/p>\n<div class=\"more-link\">\n\t\t\t\t <a href=\"https:\/\/efxpedais.com\/loja\/shop\/oitavador-filter\/oitavador\/octave2\/\" class=\"btn theme-btn\"><span>Continue Reading <\/span><i class=\"icofont-thin-double-right\"><\/i><\/a>\n\t\t\t<\/div>\n","protected":false},"featured_media":767,"comment_status":"closed","ping_status":"closed","template":"","meta":[],"product_cat":[15,44,31],"product_tag":[],"_links":{"self":[{"href":"https:\/\/efxpedais.com\/loja\/wp-json\/wp\/v2\/product\/634"}],"collection":[{"href":"https:\/\/efxpedais.com\/loja\/wp-json\/wp\/v2\/product"}],"about":[{"href":"https:\/\/efxpedais.com\/loja\/wp-json\/wp\/v2\/types\/product"}],"replies":[{"embeddable":true,"href":"https:\/\/efxpedais.com\/loja\/wp-json\/wp\/v2\/comments?post=634"}],"wp:featuredmedia":[{"embeddable":true,"href":"https:\/\/efxpedais.com\/loja\/wp-json\/wp\/v2\/media\/767"}],"wp:attachment":[{"href":"https:\/\/efxpedais.com\/loja\/wp-json\/wp\/v2\/media?parent=634"}],"wp:term":[{"taxonomy":"product_cat","embeddable":true,"href":"https:\/\/efxpedais.com\/loja\/wp-json\/wp\/v2\/product_cat?post=634"},{"taxonomy":"product_tag","embeddable":true,"href":"https:\/\/efxpedais.com\/loja\/wp-json\/wp\/v2\/product_tag?post=634"}],"curies":[{"name":"wp","href":"https:\/\/api.w.org\/{rel}","templated":true}]}}