{"id":62,"date":"2021-11-30T23:31:35","date_gmt":"2021-12-01T02:31:35","guid":{"rendered":"https:\/\/efxpedais.com\/loja\/?post_type=product&#038;p=62"},"modified":"2025-01-03T11:14:52","modified_gmt":"2025-01-03T14:14:52","slug":"twilight-zone","status":"publish","type":"product","link":"https:\/\/efxpedais.com\/loja\/shop\/overdrivesedistorcoes\/distorcao\/twilight-zone\/","title":{"rendered":"Twilight Zone"},"content":{"rendered":"<p class=\"prefacio\"><span>Tiramos as abelhas do pedal da Boss. Distor\u00e7\u00e3o com controle de m\u00e9dios.<\/span><\/p>\n<p><!--more--><\/p>\n<p>Pedal de distor\u00e7\u00e3o inspirado no Metal Zone. Alem dos   controles tradicionais (Gain,  Level, Treble, Bass, Middle), possui um controle Mid Frequency, que voc\u00ea  controla a freq\u00fc\u00eancia de m\u00e9dio que voc\u00ea quer, e atrav\u00e9s   do Middle  voc\u00ea controla o volume ou corte do m\u00e9dio.<\/p>\n<p><strong>Controles: <\/strong><\/p>\n<ul>\n<li><strong>TONE<\/strong>: Adiciona ou corta      agudos<\/li>\n<li><strong>LEVEL:<\/strong> Volume<\/li>\n<li><strong>LOW: <\/strong>Graves<\/li>\n<li><strong>HIGH:<\/strong> Agudos<\/li>\n<li><strong>DIST:<\/strong> Distor\u00e7\u00e3o<\/li>\n<li><strong>MIDDLE:<\/strong> Volume dos m\u00e9dios<\/li>\n<li><strong>MID FREQ: <\/strong>Frequ\u00eancia dos m\u00e9dios<\/li>\n<\/ul>\n<p><strong>Especifica\u00e7\u00f5es: <\/strong><\/p>\n<ul class=\"especificacoes\">\n<li>Dimens\u00f5es(CxLxA): 10cm x 8cm x 6cm<\/li>\n<li>True Bypass<\/li>\n<li>Plug de fonte (padr\u00e3o Boss)<\/li>\n<li>Caixa de a\u00e7o carbono<\/li>\n<li>Fundo anti derrapante<\/li>\n<\/ul>\n<\/div>\n<h3>Videos<\/h3>\n<p><iframe loading=\"lazy\" width=\"560\" height=\"315\" src=\"https:\/\/www.youtube.com\/embed\/xdNywNl7OOY\" frameborder=\"0\" allow=\"accelerometer; autoplay; encrypted-media; gyroscope; picture-in-picture\" allowfullscreen=\"\"><\/iframe><\/p>\n","protected":false},"excerpt":{"rendered":"<p>Tiramos as abelhas do pedal da Boss. Distor\u00e7\u00e3o com controle de m\u00e9dios.<\/p>\n","protected":false},"featured_media":293,"comment_status":"open","ping_status":"closed","template":"","meta":[],"product_cat":[15,21],"product_tag":[],"_links":{"self":[{"href":"https:\/\/efxpedais.com\/loja\/wp-json\/wp\/v2\/product\/62"}],"collection":[{"href":"https:\/\/efxpedais.com\/loja\/wp-json\/wp\/v2\/product"}],"about":[{"href":"https:\/\/efxpedais.com\/loja\/wp-json\/wp\/v2\/types\/product"}],"replies":[{"embeddable":true,"href":"https:\/\/efxpedais.com\/loja\/wp-json\/wp\/v2\/comments?post=62"}],"wp:featuredmedia":[{"embeddable":true,"href":"https:\/\/efxpedais.com\/loja\/wp-json\/wp\/v2\/media\/293"}],"wp:attachment":[{"href":"https:\/\/efxpedais.com\/loja\/wp-json\/wp\/v2\/media?parent=62"}],"wp:term":[{"taxonomy":"product_cat","embeddable":true,"href":"https:\/\/efxpedais.com\/loja\/wp-json\/wp\/v2\/product_cat?post=62"},{"taxonomy":"product_tag","embeddable":true,"href":"https:\/\/efxpedais.com\/loja\/wp-json\/wp\/v2\/product_tag?post=62"}],"curies":[{"name":"wp","href":"https:\/\/api.w.org\/{rel}","templated":true}]}}