{"id":60,"date":"2021-11-30T23:31:35","date_gmt":"2021-12-01T02:31:35","guid":{"rendered":"https:\/\/efxpedais.com\/loja\/?post_type=product&#038;p=60"},"modified":"2025-01-03T11:19:49","modified_gmt":"2025-01-03T14:19:49","slug":"tube-preamp","status":"publish","type":"product","link":"https:\/\/efxpedais.com\/loja\/shop\/amp-preamp-boost\/preamp\/tube-preamp\/","title":{"rendered":"Tube Preamp"},"content":{"rendered":"<p class=\"prefacio\"><span>Totalmente valvulado com tone stack dos fender.<\/span><\/p>\n<p><!--more--><\/p>\n<p>Pr\u00e9 amplificador 100% valvulado, possui uma valvula 12AX7WB da Sovtek,  dois est\u00e1gios de amplifica\u00e7\u00e3o, controles de Level, Gain e possui o mesmo  circuito do tone stack dos amplificadores Fender: Mid, Bass, Treble. A valvula funciona a 265 Volts DC.<\/p>\n<p><strong>Controles: <\/strong><\/p>\n<ul>\n<li><strong>LEVEL<\/strong>: Volume master<\/li>\n<li><strong>GAIN:<\/strong> Satura\u00e7\u00e3o<\/li>\n<li><strong>BASS:<\/strong> Graves<\/li>\n<li><strong>MID:<\/strong> M\u00e9dios<\/li>\n<li><strong>TREBLE<\/strong>: Adiciona ou corta agudos<\/li>\n<\/ul>\n<p><strong>Especifica\u00e7\u00f5es: <\/strong><\/p>\n<ul class=\"especificacoes\">\n<li>Dimens\u00f5es(CxLxA): 13cm x 10cm x 7,5cm<\/li>\n<li>True Bypass<\/li>\n<li>Plug de fonte<\/li>\n<li>Caixa de a\u00e7o carbono<\/li>\n<li>Fundo anti derrapante<\/li>\n<li>Fonte 12vAC\/1A inclusa<\/li>\n<\/ul>\n<\/div>\n<h3>Audio Samples<\/h3>\n<p><iframe loading=\"lazy\" width=\"100%\" height=\"81\" scrolling=\"no\" frameborder=\"no\" src=\"https:\/\/w.soundcloud.com\/player\/?url=https%3A\/\/api.soundcloud.com\/tracks\/16734686&amp;auto_play=false&amp;hide_related=false&amp;show_comments=true&amp;show_user=true&amp;show_reposts=false&amp;visual=true\"><\/iframe><\/p>\n<p><iframe loading=\"lazy\" width=\"100%\" height=\"81\" scrolling=\"no\" frameborder=\"no\" src=\"https:\/\/w.soundcloud.com\/player\/?url=https%3A\/\/api.soundcloud.com\/tracks\/16734685&amp;auto_play=false&amp;hide_related=false&amp;show_comments=true&amp;show_user=true&amp;show_reposts=false&amp;visual=true\"><\/iframe><\/p>\n","protected":false},"excerpt":{"rendered":"<p>Totalmente valvulado com tone stack dos fender.<\/p>\n","protected":false},"featured_media":296,"comment_status":"open","ping_status":"closed","template":"","meta":[],"product_cat":[15,39,35],"product_tag":[],"_links":{"self":[{"href":"https:\/\/efxpedais.com\/loja\/wp-json\/wp\/v2\/product\/60"}],"collection":[{"href":"https:\/\/efxpedais.com\/loja\/wp-json\/wp\/v2\/product"}],"about":[{"href":"https:\/\/efxpedais.com\/loja\/wp-json\/wp\/v2\/types\/product"}],"replies":[{"embeddable":true,"href":"https:\/\/efxpedais.com\/loja\/wp-json\/wp\/v2\/comments?post=60"}],"wp:featuredmedia":[{"embeddable":true,"href":"https:\/\/efxpedais.com\/loja\/wp-json\/wp\/v2\/media\/296"}],"wp:attachment":[{"href":"https:\/\/efxpedais.com\/loja\/wp-json\/wp\/v2\/media?parent=60"}],"wp:term":[{"taxonomy":"product_cat","embeddable":true,"href":"https:\/\/efxpedais.com\/loja\/wp-json\/wp\/v2\/product_cat?post=60"},{"taxonomy":"product_tag","embeddable":true,"href":"https:\/\/efxpedais.com\/loja\/wp-json\/wp\/v2\/product_tag?post=60"}],"curies":[{"name":"wp","href":"https:\/\/api.w.org\/{rel}","templated":true}]}}