{"id":56,"date":"2021-11-30T23:31:33","date_gmt":"2021-12-01T02:31:33","guid":{"rendered":"https:\/\/efxpedais.com\/loja\/?post_type=product&#038;p=56"},"modified":"2025-01-03T11:20:35","modified_gmt":"2025-01-03T14:20:35","slug":"orange-juice","status":"publish","type":"product","link":"https:\/\/efxpedais.com\/loja\/shop\/amp-preamp-boost\/preamp\/orange-juice\/","title":{"rendered":"Orange Juice"},"content":{"rendered":"<p class=\"prefacio\"><span>Esprememos um Orange dentro de um pedal.<\/span><\/p>\n<p><!--more--><\/p>\n<p>Pr\u00e9-amplificador valvulado baseado no amplificador Orange Graphic MKII. Utiliza duas v\u00e1lvulas Sovtek 12AX7WB. Possui os controles Bass, Treble, Level e Boost, al\u00e9m de uma chave de 6 posi\u00e7\u00f5es &#8220;Thirst&#8221;, que seleciona de um som mais magro at\u00e9 um mais cheio, de acordo com a sua sede.<\/p>\n<p>O controle de &#8220;Boost&#8221; funciona como um p\u00f3s ganho, que deve ser combinado com o &#8220;Level&#8221; para obter um som bem limpo ou rasgado das v\u00e1lvulas fritando. Tudo isso com o timbre vintage caracter\u00edstico dos amplificadores Orange dos anos 70.<\/p>\n<p><strong>OBS: O &#8220;ORANGE JUICE&#8221; N\u00c3O \u00c9 UM PEDAL DE DISTOR\u00c7\u00c3O\/OVERDRIVE, \u00c9 APENAS UM PREAMP LIMPO.<\/strong><\/p>\n<p><strong>Controles: <\/strong><\/p>\n<ul>\n<li><strong>BOOST<\/strong>: Pr\u00e9 ganho<\/li>\n<li><strong>LEVEL<\/strong>: Volume master<\/li>\n<li><strong>TREBLE<\/strong>: Adiciona ou corta agudos<\/li>\n<li><strong>BASS<\/strong>: Graves<\/li>\n<li><strong>THIRST<\/strong>: Corte de graves<\/li>\n<\/ul>\n<p><strong>Especifica\u00e7\u00f5es: <\/strong><\/p>\n<ul class=\"especificacoes\">\n<li>Dimens\u00f5es(CxLxA): 13cm x 10cm x 7,5cm<\/li>\n<li>True Bypass<\/li>\n<li>Plug de fonte<\/li>\n<li>Caixa de a\u00e7o carbono<\/li>\n<li>Fundo anti derrapante<\/li>\n<li>Fonte 12vAC\/1A inclusa.<\/li>\n<\/ul>\n<\/div>\n<h3>V\u00eddeos<\/h3>\n<p><object width=\"480\" height=\"390\"><param name=\"movie\" value=\"http:\/\/www.youtube.com\/v\/pFEPikuamRY?version=3&amp;hl=pt_BR\"><param name=\"allowFullScreen\" value=\"true\"><param name=\"allowscriptaccess\" value=\"always\"><embed type=\"application\/x-shockwave-flash\" width=\"480\" height=\"390\" src=\"http:\/\/www.youtube.com\/v\/pFEPikuamRY?version=3&amp;hl=pt_BR\" allowscriptaccess=\"always\" allowfullscreen=\"true\"><\/object><\/p>\n<p><object width=\"480\" height=\"390\"><param name=\"movie\" value=\"http:\/\/www.youtube.com\/v\/v8f6VVe1eeg?version=3&amp;hl=pt_BR\"><param name=\"allowFullScreen\" value=\"true\"><param name=\"allowscriptaccess\" value=\"always\"><embed type=\"application\/x-shockwave-flash\" width=\"480\" height=\"390\" src=\"http:\/\/www.youtube.com\/v\/v8f6VVe1eeg?version=3&amp;hl=pt_BR\" allowscriptaccess=\"always\" allowfullscreen=\"true\"><\/object><\/p>\n","protected":false},"excerpt":{"rendered":"<p>Esprememos um Orange dentro de um pedal.<\/p>\n","protected":false},"featured_media":307,"comment_status":"open","ping_status":"closed","template":"","meta":[],"product_cat":[15,26,39,35],"product_tag":[],"_links":{"self":[{"href":"https:\/\/efxpedais.com\/loja\/wp-json\/wp\/v2\/product\/56"}],"collection":[{"href":"https:\/\/efxpedais.com\/loja\/wp-json\/wp\/v2\/product"}],"about":[{"href":"https:\/\/efxpedais.com\/loja\/wp-json\/wp\/v2\/types\/product"}],"replies":[{"embeddable":true,"href":"https:\/\/efxpedais.com\/loja\/wp-json\/wp\/v2\/comments?post=56"}],"wp:featuredmedia":[{"embeddable":true,"href":"https:\/\/efxpedais.com\/loja\/wp-json\/wp\/v2\/media\/307"}],"wp:attachment":[{"href":"https:\/\/efxpedais.com\/loja\/wp-json\/wp\/v2\/media?parent=56"}],"wp:term":[{"taxonomy":"product_cat","embeddable":true,"href":"https:\/\/efxpedais.com\/loja\/wp-json\/wp\/v2\/product_cat?post=56"},{"taxonomy":"product_tag","embeddable":true,"href":"https:\/\/efxpedais.com\/loja\/wp-json\/wp\/v2\/product_tag?post=56"}],"curies":[{"name":"wp","href":"https:\/\/api.w.org\/{rel}","templated":true}]}}