{"id":53,"date":"2021-11-30T23:31:33","date_gmt":"2021-12-01T02:31:33","guid":{"rendered":"https:\/\/efxpedais.com\/loja\/?post_type=product&#038;p=53"},"modified":"2025-01-03T11:20:22","modified_gmt":"2025-01-03T14:20:22","slug":"compressor","status":"publish","type":"product","link":"https:\/\/efxpedais.com\/loja\/shop\/compressor-simulador\/compressor\/compressor\/","title":{"rendered":"Compressor"},"content":{"rendered":"<p class=\"prefacio\"><span>Compressor com controles de volume, sensitivity e attack.<\/span><\/p>\n<p><!--more--><\/p>\n<p>Compressor, tenta manter o som sempre no mesmo nivel,  independente da din\u00e2mica que voce toca a guitarra. Possui um controle de  Volume, um de Sensitivity, que regula o quanto de din\u00e2mica voc\u00ea quer tirar do som e um de Attack que regula a resposta do pedal ao sinal da  guitarra.<\/p>\n<p><strong>Controles: <\/strong><\/p>\n<ul>\n<li><strong>SENS<\/strong>: Sustain\/Compress\u00e3o<strong> <\/strong><\/li>\n<li><strong>LEVEL:<\/strong> Volume<strong> <\/strong><\/li>\n<li><strong>ATTACK:<\/strong> Ataque<\/li>\n<\/ul>\n<p>&nbsp;<\/p>\n<p><strong>Especifica\u00e7\u00f5es: <\/strong><\/p>\n<ul class=\"especificacoes\">\n<li>Dimens\u00f5es(CxLxA): 11cm x 6.5cm x 5cm<\/li>\n<li>True Bypass<\/li>\n<li>Plug de fonte (padr\u00e3o Boss)<\/li>\n<li>Caixa de a\u00e7o carbono<\/li>\n<li>Fundo anti derrapante<\/li>\n<\/ul>\n<\/div>\n<h3>Video Samples <\/h3>\n<p><iframe loading=\"lazy\" width=\"560\" height=\"315\" src=\"https:\/\/www.youtube.com\/embed\/2bA29Gs1ZTE?si=vXfUyo0reqHcXG-F\" title=\"YouTube video player\" frameborder=\"0\" allow=\"accelerometer; autoplay; clipboard-write; encrypted-media; gyroscope; picture-in-picture; web-share\" allowfullscreen><\/iframe><\/p>\n<h3>Audio Samples<\/h3>\n<p><iframe loading=\"lazy\" width=\"100%\" height=\"81\" scrolling=\"no\" frameborder=\"no\" src=\"https:\/\/w.soundcloud.com\/player\/?url=https%3A\/\/api.soundcloud.com\/tracks\/16736035&amp;auto_play=false&amp;hide_related=false&amp;show_comments=true&amp;show_user=true&amp;show_reposts=false&amp;visual=true\"><\/iframe><\/p>\n<p><iframe loading=\"lazy\" width=\"100%\" height=\"81\" scrolling=\"no\" frameborder=\"no\" src=\"https:\/\/w.soundcloud.com\/player\/?url=https%3A\/\/api.soundcloud.com\/tracks\/16736036&amp;auto_play=false&amp;hide_related=false&amp;show_comments=true&amp;show_user=true&amp;show_reposts=false&amp;visual=true\"><\/iframe><\/p>\n","protected":false},"excerpt":{"rendered":"<p>Compressor com controles de volume, sensitivity e attack.<\/p>\n","protected":false},"featured_media":765,"comment_status":"open","ping_status":"closed","template":"","meta":[],"product_cat":[15,44,19],"product_tag":[],"_links":{"self":[{"href":"https:\/\/efxpedais.com\/loja\/wp-json\/wp\/v2\/product\/53"}],"collection":[{"href":"https:\/\/efxpedais.com\/loja\/wp-json\/wp\/v2\/product"}],"about":[{"href":"https:\/\/efxpedais.com\/loja\/wp-json\/wp\/v2\/types\/product"}],"replies":[{"embeddable":true,"href":"https:\/\/efxpedais.com\/loja\/wp-json\/wp\/v2\/comments?post=53"}],"wp:featuredmedia":[{"embeddable":true,"href":"https:\/\/efxpedais.com\/loja\/wp-json\/wp\/v2\/media\/765"}],"wp:attachment":[{"href":"https:\/\/efxpedais.com\/loja\/wp-json\/wp\/v2\/media?parent=53"}],"wp:term":[{"taxonomy":"product_cat","embeddable":true,"href":"https:\/\/efxpedais.com\/loja\/wp-json\/wp\/v2\/product_cat?post=53"},{"taxonomy":"product_tag","embeddable":true,"href":"https:\/\/efxpedais.com\/loja\/wp-json\/wp\/v2\/product_tag?post=53"}],"curies":[{"name":"wp","href":"https:\/\/api.w.org\/{rel}","templated":true}]}}