{"id":472,"date":"2022-05-16T11:38:27","date_gmt":"2022-05-16T14:38:27","guid":{"rendered":"https:\/\/efxpedais.com\/loja\/?post_type=product&#038;p=472"},"modified":"2022-05-16T11:44:14","modified_gmt":"2022-05-16T14:44:14","slug":"boss-digital-delay-dd2-dd3-dsd3","status":"publish","type":"product","link":"https:\/\/efxpedais.com\/loja\/shop\/modificacoes-consertos\/modificacoes\/boss-digital-delay-dd2-dd3-dsd3\/","title":{"rendered":"Boss Digital Delay DD2\/DD3\/DSD3"},"content":{"rendered":"<p>Tape Echo Mod &#8211; Deixa o som mais pr\u00f3ximo a um delay de fita. Caso queira incluir true bypass, adicione ao carrinho a modifica\u00e7\u00e3o True Bypass.<\/p>\n<p>Exemplo:<\/p>\n<p><iframe loading=\"lazy\" width=\"560\" height=\"315\" src=\"https:\/\/www.youtube.com\/embed\/DI4Lxzcx3Rg\" title=\"YouTube video player\" frameborder=\"0\" allow=\"accelerometer; autoplay; clipboard-write; encrypted-media; gyroscope; picture-in-picture\" allowfullscreen><\/iframe><\/p>\n","protected":false},"excerpt":{"rendered":"<p>Tape Echo Mod &#8211; Deixa o som mais pr\u00f3ximo a um delay de fita. Caso queira incluir true bypass, adicione ao carrinho a modifica\u00e7\u00e3o True Bypass. Exemplo:<\/p>\n","protected":false},"featured_media":149,"comment_status":"closed","ping_status":"closed","template":"","meta":[],"product_cat":[43],"product_tag":[],"_links":{"self":[{"href":"https:\/\/efxpedais.com\/loja\/wp-json\/wp\/v2\/product\/472"}],"collection":[{"href":"https:\/\/efxpedais.com\/loja\/wp-json\/wp\/v2\/product"}],"about":[{"href":"https:\/\/efxpedais.com\/loja\/wp-json\/wp\/v2\/types\/product"}],"replies":[{"embeddable":true,"href":"https:\/\/efxpedais.com\/loja\/wp-json\/wp\/v2\/comments?post=472"}],"wp:featuredmedia":[{"embeddable":true,"href":"https:\/\/efxpedais.com\/loja\/wp-json\/wp\/v2\/media\/149"}],"wp:attachment":[{"href":"https:\/\/efxpedais.com\/loja\/wp-json\/wp\/v2\/media?parent=472"}],"wp:term":[{"taxonomy":"product_cat","embeddable":true,"href":"https:\/\/efxpedais.com\/loja\/wp-json\/wp\/v2\/product_cat?post=472"},{"taxonomy":"product_tag","embeddable":true,"href":"https:\/\/efxpedais.com\/loja\/wp-json\/wp\/v2\/product_tag?post=472"}],"curies":[{"name":"wp","href":"https:\/\/api.w.org\/{rel}","templated":true}]}}