{"id":459,"date":"2022-05-16T11:05:21","date_gmt":"2022-05-16T14:05:21","guid":{"rendered":"https:\/\/efxpedais.com\/loja\/?post_type=product&#038;p=459"},"modified":"2022-05-16T11:18:08","modified_gmt":"2022-05-16T14:18:08","slug":"true-bypass-boss-ibanez-outros","status":"publish","type":"product","link":"https:\/\/efxpedais.com\/loja\/shop\/modificacoes-consertos\/modificacoes\/true-bypass-boss-ibanez-outros\/","title":{"rendered":"True Bypass BOSS\/Ibanez\/Outros"},"content":{"rendered":"<p>Modifica\u00e7\u00e3o de True Bypass em pedais da Boss e similares sem a coloca\u00e7\u00e3o de footswitch externo, sem a necessidade de furar a caixa ou True Bypass em pedais de outras marcas.<\/p>\n","protected":false},"excerpt":{"rendered":"<p>Modifica\u00e7\u00e3o de True Bypass em pedais da Boss e similares sem a coloca\u00e7\u00e3o de footswitch externo, sem a necessidade de furar a caixa ou True Bypass em pedais de outras marcas.<\/p>\n","protected":false},"featured_media":149,"comment_status":"closed","ping_status":"closed","template":"","meta":[],"product_cat":[43,25],"product_tag":[],"_links":{"self":[{"href":"https:\/\/efxpedais.com\/loja\/wp-json\/wp\/v2\/product\/459"}],"collection":[{"href":"https:\/\/efxpedais.com\/loja\/wp-json\/wp\/v2\/product"}],"about":[{"href":"https:\/\/efxpedais.com\/loja\/wp-json\/wp\/v2\/types\/product"}],"replies":[{"embeddable":true,"href":"https:\/\/efxpedais.com\/loja\/wp-json\/wp\/v2\/comments?post=459"}],"wp:featuredmedia":[{"embeddable":true,"href":"https:\/\/efxpedais.com\/loja\/wp-json\/wp\/v2\/media\/149"}],"wp:attachment":[{"href":"https:\/\/efxpedais.com\/loja\/wp-json\/wp\/v2\/media?parent=459"}],"wp:term":[{"taxonomy":"product_cat","embeddable":true,"href":"https:\/\/efxpedais.com\/loja\/wp-json\/wp\/v2\/product_cat?post=459"},{"taxonomy":"product_tag","embeddable":true,"href":"https:\/\/efxpedais.com\/loja\/wp-json\/wp\/v2\/product_tag?post=459"}],"curies":[{"name":"wp","href":"https:\/\/api.w.org\/{rel}","templated":true}]}}