{"id":128,"date":"2021-11-30T23:32:38","date_gmt":"2021-12-01T02:32:38","guid":{"rendered":"https:\/\/efxpedais.com\/loja\/?post_type=product&#038;p=128"},"modified":"2025-01-03T10:38:46","modified_gmt":"2025-01-03T13:38:46","slug":"fruce1","status":"publish","type":"product","link":"https:\/\/efxpedais.com\/loja\/shop\/modulacao-noisemaker\/modulacao\/fruce1\/","title":{"rendered":"Fruce1"},"content":{"rendered":"<h2>Nossa vers\u00e3o de um Chorus cl\u00e1ssico!<\/h2>\n<p>Quem \u00e9 f\u00e3 de John Frusciante, Kevin Parker, Eric Clapton, Alex Turner, Brian May, entre outros, sabe a identidade sonora que o CE-1 deixa no som. \u00c9 usado n\u00e3o s\u00f3 como modula\u00e7\u00e3o Chorus\/Vibrato mas tamb\u00e9m como preamp, j\u00e1 que esse fica ligado o tempo todo (n\u00e3o tem bypass!).<\/p>\n<p>No modo &#8220;Normal&#8221; funciona o controle &#8220;Level Control&#8221; e a chave &#8220;Low\/High&#8221;, que da um boost no som, e que conseguimos visualizar pelo led de &#8220;peak&#8221; os picos sonoros.<\/p>\n<p>No modo &#8220;Effect&#8221; j\u00e1 entram os efeitos de Chorus, controlado apenas pelo controle Chorus Intensity e o Vibrato controlado pelo &#8220;Depth&#8221; e &#8220;Rate&#8221;.<\/p>\n<p>&nbsp;<br \/>\n<strong>Controles: <\/strong><\/p>\n<ul>\n<li><strong>Level Control:<\/strong> Volume<\/li>\n<li><strong>Chorus Intensity:<\/strong> Velocidade do Chorus<\/li>\n<li><strong>Depth:<\/strong> Profundidade do Vibrato<\/li>\n<li><strong>Rate:<\/strong> Velocidade do Vibrato<\/li>\n<li><strong>Low\/High:<\/strong> Boost de volume do preamp<\/li>\n<\/ul>\n<p>&nbsp;<\/p>\n<ul class=\"especificacoes\">\n<strong>Especifica\u00e7\u00f5es:<\/strong><\/p>\n<li>Dimens\u00f5es(CxLxA): 11cm x 9cm x 6,5cm<\/li>\n<li>Plug de fonte (padr\u00e3o Boss)<\/li>\n<li>Clip para bateria 9v<\/li>\n<li>Caixa de a\u00e7o carbono<\/li>\n<li>Fundo anti derrapante<\/li>\n<\/ul>\n<\/div>\n","protected":false},"excerpt":{"rendered":"<p>Nossa vers\u00e3o de um Chorus cl\u00e1ssico! Quem \u00e9 f\u00e3 de John Frusciante, Kevin Parker, Eric Clapton, Alex Turner, Brian May, entre outros, sabe a identidade sonora que o CE-1 deixa no som. \u00c9 usado n\u00e3o s\u00f3 como modula\u00e7\u00e3o Chorus\/Vibrato mas tamb\u00e9m como preamp, j\u00e1 que esse fica ligado o tempo todo (n\u00e3o tem bypass!). No<\/p>\n<div class=\"more-link\">\n\t\t\t\t <a href=\"https:\/\/efxpedais.com\/loja\/shop\/modulacao-noisemaker\/modulacao\/fruce1\/\" class=\"btn theme-btn\"><span>Continue Reading <\/span><i class=\"icofont-thin-double-right\"><\/i><\/a>\n\t\t\t<\/div>\n","protected":false},"featured_media":165,"comment_status":"open","ping_status":"closed","template":"","meta":[],"product_cat":[15,28],"product_tag":[],"_links":{"self":[{"href":"https:\/\/efxpedais.com\/loja\/wp-json\/wp\/v2\/product\/128"}],"collection":[{"href":"https:\/\/efxpedais.com\/loja\/wp-json\/wp\/v2\/product"}],"about":[{"href":"https:\/\/efxpedais.com\/loja\/wp-json\/wp\/v2\/types\/product"}],"replies":[{"embeddable":true,"href":"https:\/\/efxpedais.com\/loja\/wp-json\/wp\/v2\/comments?post=128"}],"wp:featuredmedia":[{"embeddable":true,"href":"https:\/\/efxpedais.com\/loja\/wp-json\/wp\/v2\/media\/165"}],"wp:attachment":[{"href":"https:\/\/efxpedais.com\/loja\/wp-json\/wp\/v2\/media?parent=128"}],"wp:term":[{"taxonomy":"product_cat","embeddable":true,"href":"https:\/\/efxpedais.com\/loja\/wp-json\/wp\/v2\/product_cat?post=128"},{"taxonomy":"product_tag","embeddable":true,"href":"https:\/\/efxpedais.com\/loja\/wp-json\/wp\/v2\/product_tag?post=128"}],"curies":[{"name":"wp","href":"https:\/\/api.w.org\/{rel}","templated":true}]}}