{"id":127,"date":"2021-11-30T23:32:37","date_gmt":"2021-12-01T02:32:37","guid":{"rendered":"https:\/\/efxpedais.com\/loja\/?post_type=product&#038;p=127"},"modified":"2026-01-27T09:28:05","modified_gmt":"2026-01-27T12:28:05","slug":"springverb","status":"publish","type":"product","link":"https:\/\/efxpedais.com\/loja\/shop\/modulacao-noisemaker\/modulacao\/springverb\/","title":{"rendered":"SpringVerb"},"content":{"rendered":"<h2>Reverb de Molas 100% anal\u00f3gico!<\/h2>\n<p>O SpringVerb \u00e9 um Reverb de molas, 100% anal\u00f3gico, que utiliza um tanque de molas da Accutronics\u00ae (AMC2BF3) para alcan\u00e7ar o timbre dos amplificadores vintage com esse tipo de Reverb de molas.<\/p>\n<p>Tem os controles de Dwell (volume do sinal reverberado), Tone (Corte de agudos do sinal reverberado) e Vol (Volume master do efeito), alem de ser true bypass.<br \/>\n&nbsp;<br \/>\n<strong>Controles: <\/strong><\/p>\n<ul>\n<li><strong>Vol:<\/strong> Volume<\/li>\n<li><strong>Tone:<\/strong> Agudos<\/li>\n<li><strong>Dwell:<\/strong> Volume do reverb<\/li>\n<\/ul>\n<p><strong>Especifica\u00e7\u00f5es: <\/strong><\/p>\n<ul class=\"especificacoes\">\n<li>Dimens\u00f5es(CxLxA): 13cm x 10cm x 7,5cm<\/li>\n<li>True Bypass<\/li>\n<li>Plug de fonte<\/li>\n<li>Caixa de a\u00e7o carbono<\/li>\n<li>Fundo anti derrapante<\/li>\n<\/ul>\n<\/div>\n<h3>Videos<\/h3>\n<p><iframe loading=\"lazy\" src=\"https:\/\/www.youtube.com\/embed\/N26500sB-ow\" allow=\"accelerometer; autoplay; clipboard-write; encrypted-media; gyroscope; picture-in-picture\" allowfullscreen=\"\" width=\"560\" height=\"315\" frameborder=\"0\"><\/iframe><\/p>\n<p><iframe loading=\"lazy\" src=\"https:\/\/www.youtube.com\/embed\/R_aLGBkkk30\" allow=\"accelerometer; autoplay; clipboard-write; encrypted-media; gyroscope; picture-in-picture\" allowfullscreen=\"\" width=\"560\" height=\"315\" frameborder=\"0\"><\/iframe><\/p>\n","protected":false},"excerpt":{"rendered":"<p>Reverb de Molas 100% anal\u00f3gico! O SpringVerb \u00e9 um Reverb de molas, 100% anal\u00f3gico, que utiliza um tanque de molas da Accutronics\u00ae (AMC2BF3) para alcan\u00e7ar o timbre dos amplificadores vintage com esse tipo de Reverb de molas. Tem os controles de Dwell (volume do sinal reverberado), Tone (Corte de agudos do sinal reverberado) e Vol<\/p>\n<div class=\"more-link\">\n\t\t\t\t <a href=\"https:\/\/efxpedais.com\/loja\/shop\/modulacao-noisemaker\/modulacao\/springverb\/\" class=\"btn theme-btn\"><span>Continue Reading <\/span><i class=\"icofont-thin-double-right\"><\/i><\/a>\n\t\t\t<\/div>\n","protected":false},"featured_media":683,"comment_status":"open","ping_status":"closed","template":"","meta":[],"product_cat":[15,28],"product_tag":[],"_links":{"self":[{"href":"https:\/\/efxpedais.com\/loja\/wp-json\/wp\/v2\/product\/127"}],"collection":[{"href":"https:\/\/efxpedais.com\/loja\/wp-json\/wp\/v2\/product"}],"about":[{"href":"https:\/\/efxpedais.com\/loja\/wp-json\/wp\/v2\/types\/product"}],"replies":[{"embeddable":true,"href":"https:\/\/efxpedais.com\/loja\/wp-json\/wp\/v2\/comments?post=127"}],"wp:featuredmedia":[{"embeddable":true,"href":"https:\/\/efxpedais.com\/loja\/wp-json\/wp\/v2\/media\/683"}],"wp:attachment":[{"href":"https:\/\/efxpedais.com\/loja\/wp-json\/wp\/v2\/media?parent=127"}],"wp:term":[{"taxonomy":"product_cat","embeddable":true,"href":"https:\/\/efxpedais.com\/loja\/wp-json\/wp\/v2\/product_cat?post=127"},{"taxonomy":"product_tag","embeddable":true,"href":"https:\/\/efxpedais.com\/loja\/wp-json\/wp\/v2\/product_tag?post=127"}],"curies":[{"name":"wp","href":"https:\/\/api.w.org\/{rel}","templated":true}]}}