{"id":125,"date":"2021-11-30T23:32:37","date_gmt":"2021-12-01T02:32:37","guid":{"rendered":"https:\/\/efxpedais.com\/loja\/?post_type=product&#038;p=125"},"modified":"2025-01-03T10:40:33","modified_gmt":"2025-01-03T13:40:33","slug":"ring-analyzer","status":"publish","type":"product","link":"https:\/\/efxpedais.com\/loja\/shop\/modulacao-noisemaker\/modulacao\/ring-analyzer\/","title":{"rendered":"Ring Analyzer"},"content":{"rendered":"<p class=\"prefacio\"><span>Ring Modulator Frequency Analyzer<\/span><\/p>\n<p><!--more--><\/p>\n<p>Adiciona harmonia \u00e0 nota ou acorde com filtros control\u00e1veis que reduzem distor\u00e7\u00f5es cruzadas e aumentam as varia\u00e7\u00f5es. O ajuste fino da frequ\u00eancia  permite que o usu\u00e1rio defina uma \u00fanica frequ\u00eancia que ser\u00e1 adicionada e subtra\u00edda da nota ou acorde original. O controle Blend permite que voc\u00ea misture as novas notas com as originais. Esse tipo de pedal ficou famoso nas m\u00e3os (p\u00e9s) de muitas bandas como o DEVO no som Satisfaction. Pode ser usado em todo tipo de instrumento musical e vozes.<\/p>\n<p><strong>Controles:<\/strong><\/p>\n<ul>\n<li><strong>Blend:<\/strong> Mistura com o som limpo<\/li>\n<li><strong>Shift:<\/strong> Escolhe a Frequ\u00eancia<\/li>\n<li><strong>Fine:<\/strong> Controle fino da Frequ\u00eancia<\/li>\n<li><strong>Filter:<\/strong> Adiciona um filtro de m\u00e9dios<\/li>\n<\/ul>\n<p>&nbsp;<\/p>\n<p>&nbsp;<\/p>\n<p>&nbsp;<\/p>\n<p>&nbsp;<\/p>\n<p>&nbsp;<\/p>\n<p><strong>Especifica\u00e7\u00f5es:<\/strong><\/p>\n<ul class=\"especificacoes\">\n<li>Dimens\u00f5es(CxLxA): 10cm x 8cm x 6cm<\/li>\n<li>True Bypass<\/li>\n<li>Caixa de a\u00e7o carbono<\/li>\n<li>Plug de fonte (padr\u00e3o Boss)<\/li>\n<li>Clip de bateria<\/li>\n<li>Fundo anti derrapante<\/li>\n<\/ul>\n<\/div>\n<h3>Video Samples<\/h3>\n<p><iframe loading=\"lazy\" src=\"https:\/\/www.youtube.com\/embed\/jS7RnRzoiaU\" allow=\"accelerometer; autoplay; clipboard-write; encrypted-media; gyroscope; picture-in-picture\" allowfullscreen=\"\" width=\"560\" height=\"315\" frameborder=\"0\"><\/iframe><\/p>\n","protected":false},"excerpt":{"rendered":"<p>Ring Modulator Frequency Analyzer<\/p>\n","protected":false},"featured_media":164,"comment_status":"open","ping_status":"closed","template":"","meta":[],"product_cat":[15,28,29],"product_tag":[],"_links":{"self":[{"href":"https:\/\/efxpedais.com\/loja\/wp-json\/wp\/v2\/product\/125"}],"collection":[{"href":"https:\/\/efxpedais.com\/loja\/wp-json\/wp\/v2\/product"}],"about":[{"href":"https:\/\/efxpedais.com\/loja\/wp-json\/wp\/v2\/types\/product"}],"replies":[{"embeddable":true,"href":"https:\/\/efxpedais.com\/loja\/wp-json\/wp\/v2\/comments?post=125"}],"wp:featuredmedia":[{"embeddable":true,"href":"https:\/\/efxpedais.com\/loja\/wp-json\/wp\/v2\/media\/164"}],"wp:attachment":[{"href":"https:\/\/efxpedais.com\/loja\/wp-json\/wp\/v2\/media?parent=125"}],"wp:term":[{"taxonomy":"product_cat","embeddable":true,"href":"https:\/\/efxpedais.com\/loja\/wp-json\/wp\/v2\/product_cat?post=125"},{"taxonomy":"product_tag","embeddable":true,"href":"https:\/\/efxpedais.com\/loja\/wp-json\/wp\/v2\/product_tag?post=125"}],"curies":[{"name":"wp","href":"https:\/\/api.w.org\/{rel}","templated":true}]}}