{"id":124,"date":"2021-11-30T23:32:36","date_gmt":"2021-12-01T02:32:36","guid":{"rendered":"https:\/\/efxpedais.com\/loja\/?post_type=product&#038;p=124"},"modified":"2025-07-26T08:24:55","modified_gmt":"2025-07-26T11:24:55","slug":"efx-sequencer","status":"publish","type":"product","link":"https:\/\/efxpedais.com\/loja\/shop\/modulacao-noisemaker\/noisemaker\/efx-sequencer\/","title":{"rendered":"EFX Sequencer"},"content":{"rendered":"<p class=\"prefacio\"><span>Console sequenciador<\/span><\/p>\n<p>EFX Sequencer! O primeiro sequenciador produzido pela EFX Pedais produz sons de onda quadrada LO-FI.<\/p>\n<p>Seu projeto original foi concebido com inten\u00e7\u00e3o de lembrar o som de consoles de video game do in\u00edcio dos anos 80.<\/p>\n<p>Possui controle de velocidade do sequenciador, frequencia do oscilador e mais 4 controles, um para o comprimento de onda de cada step, mais a chavinha liga-desliga.<\/p>\n<p>Confira abaixo o v\u00eddeo-review dele!<\/p>\n<p>_<\/p>\n<p><strong>Especifica\u00e7\u00f5es: <\/strong><\/p>\n<ul class=\"especificacoes\">\n<li>Dimens\u00f5es(CxLxA): 11,5cm x 8cm x 5cm<\/li>\n<li>Plug de fonte (padr\u00e3o Boss)<\/li>\n<li>Clip para bateria 9v<\/li>\n<li>Fundo anti derrapante<\/li>\n<\/ul>\n<\/div>\n<h3>Videos<\/h3>\n<p><iframe 315\" height=\"560\" src=\"https:\/\/www.youtube.com\/embed\/txLSajeHRa8\"frameborder=\"0\" allow=\"accelerometer; autoplay; encrypted-media; gyroscope; picture-in-picture\" allowfullscreen=\"\"><\/iframe><\/p>\n<p><iframe loading=\"lazy\" width=\"560\" height=\"315\" src=\"https:\/\/www.youtube.com\/embed\/HBVKLUag0qE\" frameborder=\"0\" allow=\"accelerometer; autoplay; encrypted-media; gyroscope; picture-in-picture\" allowfullscreen=\"\"><\/iframe><\/p>\n","protected":false},"excerpt":{"rendered":"<p>Console sequenciador EFX Sequencer! O primeiro sequenciador produzido pela EFX Pedais produz sons de onda quadrada LO-FI. Seu projeto original foi concebido com inten\u00e7\u00e3o de lembrar o som de consoles de video game do in\u00edcio dos anos 80. Possui controle de velocidade do sequenciador, frequencia do oscilador e mais 4 controles, um para o comprimento<\/p>\n<div class=\"more-link\">\n\t\t\t\t <a href=\"https:\/\/efxpedais.com\/loja\/shop\/modulacao-noisemaker\/noisemaker\/efx-sequencer\/\" class=\"btn theme-btn\"><span>Continue Reading <\/span><i class=\"icofont-thin-double-right\"><\/i><\/a>\n\t\t\t<\/div>\n","protected":false},"featured_media":955,"comment_status":"open","ping_status":"closed","template":"","meta":[],"product_cat":[15,29],"product_tag":[],"_links":{"self":[{"href":"https:\/\/efxpedais.com\/loja\/wp-json\/wp\/v2\/product\/124"}],"collection":[{"href":"https:\/\/efxpedais.com\/loja\/wp-json\/wp\/v2\/product"}],"about":[{"href":"https:\/\/efxpedais.com\/loja\/wp-json\/wp\/v2\/types\/product"}],"replies":[{"embeddable":true,"href":"https:\/\/efxpedais.com\/loja\/wp-json\/wp\/v2\/comments?post=124"}],"wp:featuredmedia":[{"embeddable":true,"href":"https:\/\/efxpedais.com\/loja\/wp-json\/wp\/v2\/media\/955"}],"wp:attachment":[{"href":"https:\/\/efxpedais.com\/loja\/wp-json\/wp\/v2\/media?parent=124"}],"wp:term":[{"taxonomy":"product_cat","embeddable":true,"href":"https:\/\/efxpedais.com\/loja\/wp-json\/wp\/v2\/product_cat?post=124"},{"taxonomy":"product_tag","embeddable":true,"href":"https:\/\/efxpedais.com\/loja\/wp-json\/wp\/v2\/product_tag?post=124"}],"curies":[{"name":"wp","href":"https:\/\/api.w.org\/{rel}","templated":true}]}}