{"id":122,"date":"2021-11-30T23:32:36","date_gmt":"2021-12-01T02:32:36","guid":{"rendered":"https:\/\/efxpedais.com\/loja\/?post_type=product&#038;p=122"},"modified":"2025-01-03T10:41:46","modified_gmt":"2025-01-03T13:41:46","slug":"fuzzoramas","status":"publish","type":"product","link":"https:\/\/efxpedais.com\/loja\/shop\/overdrivesedistorcoes\/fuzz\/fuzzoramas\/","title":{"rendered":"Fuzzoramas"},"content":{"rendered":"<p class=\"prefacio\">O Fuzz do baixo dos Autoramas!<\/p>\n<p>Fuzzoramas \u00e9 o segundo pedal da s\u00e9rie Gabriel Thomaz de pedais em parceria com a EFX. Gabriel Thomaz \u00e9 guitarrista e vocalista do Autoramas e seus efeitos s\u00e3o famosos pela efici\u00eancia e originalidade. Depois de muito procurado por seus f\u00e3s surgiu a ideia de fazer uma s\u00e9rie de pedais com suas misturas de efeitos e regulagens. Esse efeito em peculiar foi usado por todos os baixistas que passaram pela banda Autoramas e segue como identidade sonora da banda.<\/p>\n<p>O som do pedal \u00e9 um Fuzz extremamente nervoso, quadrado e saturado que faz o baixo rosnar nervosamente! Pode tambem ser usado por guitarristas que procuram um timbre diferenciado, pesado e grave.<\/p>\n<p><strong>Controles: <\/strong><\/p>\n<ul>\n<li><strong>Vol:<\/strong> Volume<\/li>\n<li><strong>Gain:<\/strong> Ganho\/Distor\u00e7\u00e3o<\/li>\n<li><strong>Treb:<\/strong> Agudos<\/li>\n<li><strong>Bass:<\/strong> Graves<\/li>\n<\/ul>\n<p>&nbsp;<br \/>\n<strong>Especifica\u00e7\u00f5es: <\/strong><\/p>\n<ul class=\"especificacoes\">\n<li>Dimens\u00f5es(CxLxA): 10cm x 8cm x 6cm<\/li>\n<li>True Bypass<\/li>\n<li>Plug de fonte (padr\u00e3o Boss)<\/li>\n<li>Clip para bateria 9v<\/li>\n<li>Caixa de a\u00e7o carbono<\/li>\n<li>Fundo anti derrapante<\/li>\n<\/ul>\n<\/div>\n<h3>Videos<\/h3>\n<p><iframe loading=\"lazy\" src=\"https:\/\/www.youtube.com\/embed\/sahFScKgoho\" width=\"560\" height=\"315\" frameborder=\"0\" allowfullscreen=\"allowfullscreen\"><\/iframe><\/p>\n<p><iframe loading=\"lazy\" src=\"https:\/\/www.youtube.com\/embed\/jdidCYIPw40\" width=\"560\" height=\"315\" frameborder=\"0\" allowfullscreen=\"allowfullscreen\"><\/iframe><\/p>\n","protected":false},"excerpt":{"rendered":"<p>O Fuzz do baixo dos Autoramas! Fuzzoramas \u00e9 o segundo pedal da s\u00e9rie Gabriel Thomaz de pedais em parceria com a EFX. Gabriel Thomaz \u00e9 guitarrista e vocalista do Autoramas e seus efeitos s\u00e3o famosos pela efici\u00eancia e originalidade. Depois de muito procurado por seus f\u00e3s surgiu a ideia de fazer uma s\u00e9rie de pedais<\/p>\n<div class=\"more-link\">\n\t\t\t\t <a href=\"https:\/\/efxpedais.com\/loja\/shop\/overdrivesedistorcoes\/fuzz\/fuzzoramas\/\" class=\"btn theme-btn\"><span>Continue Reading <\/span><i class=\"icofont-thin-double-right\"><\/i><\/a>\n\t\t\t<\/div>\n","protected":false},"featured_media":142,"comment_status":"open","ping_status":"closed","template":"","meta":[],"product_cat":[15,26,22],"product_tag":[],"_links":{"self":[{"href":"https:\/\/efxpedais.com\/loja\/wp-json\/wp\/v2\/product\/122"}],"collection":[{"href":"https:\/\/efxpedais.com\/loja\/wp-json\/wp\/v2\/product"}],"about":[{"href":"https:\/\/efxpedais.com\/loja\/wp-json\/wp\/v2\/types\/product"}],"replies":[{"embeddable":true,"href":"https:\/\/efxpedais.com\/loja\/wp-json\/wp\/v2\/comments?post=122"}],"wp:featuredmedia":[{"embeddable":true,"href":"https:\/\/efxpedais.com\/loja\/wp-json\/wp\/v2\/media\/142"}],"wp:attachment":[{"href":"https:\/\/efxpedais.com\/loja\/wp-json\/wp\/v2\/media?parent=122"}],"wp:term":[{"taxonomy":"product_cat","embeddable":true,"href":"https:\/\/efxpedais.com\/loja\/wp-json\/wp\/v2\/product_cat?post=122"},{"taxonomy":"product_tag","embeddable":true,"href":"https:\/\/efxpedais.com\/loja\/wp-json\/wp\/v2\/product_tag?post=122"}],"curies":[{"name":"wp","href":"https:\/\/api.w.org\/{rel}","templated":true}]}}