{"id":121,"date":"2021-11-30T23:32:36","date_gmt":"2021-12-01T02:32:36","guid":{"rendered":"https:\/\/efxpedais.com\/loja\/?post_type=product&#038;p=121"},"modified":"2025-01-03T10:43:57","modified_gmt":"2025-01-03T13:43:57","slug":"reverb","status":"publish","type":"product","link":"https:\/\/efxpedais.com\/loja\/shop\/modulacao-noisemaker\/modulacao\/reverb\/","title":{"rendered":"Reverb"},"content":{"rendered":"<p class=\"prefacio\"><span>D\u00ea ambi\u00eancia ao seu som!<\/span><\/p>\n<p><!--more--><\/p>\n<p>O Reverb EFX vai te dar aquela sensa\u00e7\u00e3o de estar tocando em uma sala grande, deixando o som mais bonito e profundo, com ambi\u00eancia, Feedbacks inesperados e um timbre lindo!<\/p>\n<p><strong>Controles:<\/strong><\/p>\n<ul>\n<li><strong>MIX:<\/strong> Mistura com o som limpo<\/li>\n<li><strong>FEEDBACK:<\/strong> Realimente\u00e7\u00e3o<\/li>\n<\/ul>\n<p>&nbsp;<\/p>\n<p>&nbsp;<\/p>\n<p>&nbsp;<\/p>\n<p>&nbsp;<\/p>\n<p>&nbsp;<\/p>\n<p><strong>Especifica\u00e7\u00f5es:<\/strong><\/p>\n<ul class=\"especificacoes\">\n<li>Dimens\u00f5es(CxLxA): 11cm x 6,5cm x 5,5cm<\/li>\n<li>True Bypass<\/li>\n<li>Caixa de a\u00e7o carbono<\/li>\n<li>Plug de fonte (padr\u00e3o Boss)<\/li>\n<li>Clip de bateria<\/li>\n<li>Fundo anti derrapante<\/li>\n<\/ul>\n<\/div>\n<h3>Video Samples<\/h3>\n<p><iframe loading=\"lazy\" width=\"560\" height=\"315\" src=\"https:\/\/www.youtube.com\/embed\/FmLDqMgQg90\" frameborder=\"0\" allow=\"accelerometer; autoplay; encrypted-media; gyroscope; picture-in-picture\" allowfullscreen=\"\"><\/iframe><\/p>\n<p><iframe loading=\"lazy\" width=\"560\" height=\"315\" src=\"https:\/\/www.youtube.com\/embed\/t8aNiFqw0vg\" frameborder=\"0\" allow=\"autoplay; encrypted-media\" allowfullscreen=\"\"><\/iframe><\/p>\n<p><iframe loading=\"lazy\" width=\"560\" height=\"315\" src=\"https:\/\/www.youtube.com\/embed\/zsr61hcbBoc\" frameborder=\"0\" allow=\"autoplay; encrypted-media\" allowfullscreen=\"\"><\/iframe><\/p>\n","protected":false},"excerpt":{"rendered":"<p>D\u00ea ambi\u00eancia ao seu som!<\/p>\n","protected":false},"featured_media":171,"comment_status":"open","ping_status":"closed","template":"","meta":[],"product_cat":[15,28],"product_tag":[],"_links":{"self":[{"href":"https:\/\/efxpedais.com\/loja\/wp-json\/wp\/v2\/product\/121"}],"collection":[{"href":"https:\/\/efxpedais.com\/loja\/wp-json\/wp\/v2\/product"}],"about":[{"href":"https:\/\/efxpedais.com\/loja\/wp-json\/wp\/v2\/types\/product"}],"replies":[{"embeddable":true,"href":"https:\/\/efxpedais.com\/loja\/wp-json\/wp\/v2\/comments?post=121"}],"wp:featuredmedia":[{"embeddable":true,"href":"https:\/\/efxpedais.com\/loja\/wp-json\/wp\/v2\/media\/171"}],"wp:attachment":[{"href":"https:\/\/efxpedais.com\/loja\/wp-json\/wp\/v2\/media?parent=121"}],"wp:term":[{"taxonomy":"product_cat","embeddable":true,"href":"https:\/\/efxpedais.com\/loja\/wp-json\/wp\/v2\/product_cat?post=121"},{"taxonomy":"product_tag","embeddable":true,"href":"https:\/\/efxpedais.com\/loja\/wp-json\/wp\/v2\/product_tag?post=121"}],"curies":[{"name":"wp","href":"https:\/\/api.w.org\/{rel}","templated":true}]}}