{"id":119,"date":"2021-11-30T23:32:35","date_gmt":"2021-12-01T02:32:35","guid":{"rendered":"https:\/\/efxpedais.com\/loja\/?post_type=product&#038;p=119"},"modified":"2025-01-03T10:46:15","modified_gmt":"2025-01-03T13:46:15","slug":"efxsynth","status":"publish","type":"product","link":"https:\/\/efxpedais.com\/loja\/shop\/modulacao-noisemaker\/noisemaker\/efxsynth\/","title":{"rendered":"EFX|Synth"},"content":{"rendered":"<p class=\"prefacio\">O Synth mais louco que voc\u00ea j\u00e1 viu!<\/p>\n<p>O EFX|Synth foge do conceito de Synth tradicional, 100% anal\u00f3gico, com disson\u00e2ncias, sustains inusitados, notas que fogem do controle, sons de Theremin, \u00d3rg\u00e3o, Bit Crushers, Oscila\u00e7\u00f5es, Fuzz, Oitavas acima, Oitavas abaixo, LFO, Noise Maker, Envelope Filters Bizarros, Discos Voadores, Fliperamas, Video Games Vintage Apari\u00e7\u00f5es, Sonhos, Assombra\u00e7\u00f5es, tudo e mais um pouco.<br \/>\n\u00c9 true bypass, possui 2 leds, um deles indica o estado ligado\/desligado, o outro pisca de acordo com a velocidade (Rate) do oscilador.<\/p>\n<p>Para ajudar voc\u00eas a dominar o pedal, a EFX fez uma lista de PRESETS com as regulagens mais b\u00e1sicas, que inclusive s\u00e3o as que est\u00e3o no video review, e a partir delas voc\u00eas poder\u00e3o explorar a fundo tudo que o pedal pode oferecer.<\/p>\n<p>Para baixar os presets clique <a href=\"http:\/\/www.efxpedais.com\/efxsynth.txt\">AQUI<\/a>.<\/p>\n<p>Confira o review na pagina abaixo com tudo que ele \u00e9 capaz de fazer!<\/p>\n<p><strong>Controles: <\/strong><\/p>\n<ul>\n<li><strong>MIX:<\/strong> Mistura do sinal<\/li>\n<li><strong>SUB:<\/strong> Destaque dos graves<\/li>\n<li><strong>LEVEL:<\/strong> Volume<\/li>\n<li><strong>GATE:<\/strong> Noise Gate<\/li>\n<li><strong>RATE:<\/strong> Velocidade de oscila\u00e7\u00e3o<\/li>\n<li><strong>Warp:<\/strong> Mist\u00e9rio<\/li>\n<li><strong>Track:<\/strong> Profundidade<\/li>\n<li><strong>Filter:<\/strong> Filtro de agudos<\/li>\n<li><strong>OCT DOWN:<\/strong> Oitava Abaixo<\/li>\n<li><strong>OCT UP:<\/strong> Oitava Acima<\/li>\n<li><strong>TRI\/OFF\/SQUARE:<\/strong> Oscilador (LFO)<\/li>\n<\/ul>\n<p><strong>Especifica\u00e7\u00f5es: <\/strong><\/p>\n<ul class=\"especificacoes\">\n<li>Dimens\u00f5es(CxLxA): 11cm x 9cm x 6,5cm<\/li>\n<li>True Bypass<\/li>\n<li>Plug de fonte (padr\u00e3o Boss)<\/li>\n<li>Caixa de a\u00e7o carbono<\/li>\n<li>Fundo anti derrapante<\/li>\n<\/ul>\n<\/div>\n<h3>Videos<\/h3>\n<p><iframe loading=\"lazy\" width=\"560\" height=\"315\" src=\"https:\/\/www.youtube.com\/embed\/I79j_KEBZLw\" frameborder=\"0\" allow=\"accelerometer; autoplay; encrypted-media; gyroscope; picture-in-picture\" allowfullscreen=\"\"><\/iframe><\/p>\n<p><iframe loading=\"lazy\" src=\"https:\/\/www.youtube.com\/embed\/MlhRnvaflOs\" width=\"560\" height=\"315\" frameborder=\"0\" allowfullscreen=\"allowfullscreen\"><\/iframe>&gt;<\/p>\n","protected":false},"excerpt":{"rendered":"<p>O Synth mais louco que voc\u00ea j\u00e1 viu! O EFX|Synth foge do conceito de Synth tradicional, 100% anal\u00f3gico, com disson\u00e2ncias, sustains inusitados, notas que fogem do controle, sons de Theremin, \u00d3rg\u00e3o, Bit Crushers, Oscila\u00e7\u00f5es, Fuzz, Oitavas acima, Oitavas abaixo, LFO, Noise Maker, Envelope Filters Bizarros, Discos Voadores, Fliperamas, Video Games Vintage Apari\u00e7\u00f5es, Sonhos, Assombra\u00e7\u00f5es, tudo<\/p>\n<div class=\"more-link\">\n\t\t\t\t <a href=\"https:\/\/efxpedais.com\/loja\/shop\/modulacao-noisemaker\/noisemaker\/efxsynth\/\" class=\"btn theme-btn\"><span>Continue Reading <\/span><i class=\"icofont-thin-double-right\"><\/i><\/a>\n\t\t\t<\/div>\n","protected":false},"featured_media":144,"comment_status":"open","ping_status":"closed","template":"","meta":[],"product_cat":[15,29],"product_tag":[],"_links":{"self":[{"href":"https:\/\/efxpedais.com\/loja\/wp-json\/wp\/v2\/product\/119"}],"collection":[{"href":"https:\/\/efxpedais.com\/loja\/wp-json\/wp\/v2\/product"}],"about":[{"href":"https:\/\/efxpedais.com\/loja\/wp-json\/wp\/v2\/types\/product"}],"replies":[{"embeddable":true,"href":"https:\/\/efxpedais.com\/loja\/wp-json\/wp\/v2\/comments?post=119"}],"wp:featuredmedia":[{"embeddable":true,"href":"https:\/\/efxpedais.com\/loja\/wp-json\/wp\/v2\/media\/144"}],"wp:attachment":[{"href":"https:\/\/efxpedais.com\/loja\/wp-json\/wp\/v2\/media?parent=119"}],"wp:term":[{"taxonomy":"product_cat","embeddable":true,"href":"https:\/\/efxpedais.com\/loja\/wp-json\/wp\/v2\/product_cat?post=119"},{"taxonomy":"product_tag","embeddable":true,"href":"https:\/\/efxpedais.com\/loja\/wp-json\/wp\/v2\/product_tag?post=119"}],"curies":[{"name":"wp","href":"https:\/\/api.w.org\/{rel}","templated":true}]}}