{"id":117,"date":"2021-11-30T23:32:35","date_gmt":"2021-12-01T02:32:35","guid":{"rendered":"https:\/\/efxpedais.com\/loja\/?post_type=product&#038;p=117"},"modified":"2025-01-03T10:52:42","modified_gmt":"2025-01-03T13:52:42","slug":"efx-rig","status":"publish","type":"product","link":"https:\/\/efxpedais.com\/loja\/shop\/todos\/efx-rig\/","title":{"rendered":"EFX Rig"},"content":{"rendered":"<p class=\"prefacio\">\n    <span>Ligue a Guitarra no seu computador, smartphone ou tablet.<\/span>\n<\/p>\n<p>Com essa interface voc\u00ea consegue tocar ao vivo usando as simula\u00e7\u00f5es de programas como Amplitube.<\/p>\n<p>N\u00e3o necessita de alimenta\u00e7\u00e3o, por\u00e9m n\u00e3o \u00e9 uma interface passiva. Possui um circuito de regulagem de imped\u00e2ncia alimentado pela pr\u00f3pria entrada p2, garantindo o m\u00e1ximo de fidelidade sonora.<\/p>\n<p>Tem uma entrada para instrumento P10 mono e duas sa\u00eddas para fones stereos P10 e P2.<\/p>\n<p>Baseado no iRig, \u00e9 compat\u00edvel com iPhone, iPad, iPhone Touch.<\/p>\n<ul class=\"especificacoes\">\n<strong>Especifica\u00e7\u00f5es:<\/strong><\/p>\n<li>Dimens\u00f5es(CxLxA): 7,5cm x 5cm x 3,5 cm<\/li>\n<li>Caixa Pl\u00e1stica<\/li>\n<li>Cabo p2 compat\u00edvel com iPhone<\/li>\n<li>Jack p4 stereo para fones<\/li>\n<li>Jack p2 stereo para fones<\/li>\n<\/ul>\n<\/div>\n","protected":false},"excerpt":{"rendered":"<p>Ligue a Guitarra no seu computador, smartphone ou tablet. Com essa interface voc\u00ea consegue tocar ao vivo usando as simula\u00e7\u00f5es de programas como Amplitube. N\u00e3o necessita de alimenta\u00e7\u00e3o, por\u00e9m n\u00e3o \u00e9 uma interface passiva. Possui um circuito de regulagem de imped\u00e2ncia alimentado pela pr\u00f3pria entrada p2, garantindo o m\u00e1ximo de fidelidade sonora. Tem uma entrada<\/p>\n<div class=\"more-link\">\n\t\t\t\t <a href=\"https:\/\/efxpedais.com\/loja\/shop\/todos\/efx-rig\/\" class=\"btn theme-btn\"><span>Continue Reading <\/span><i class=\"icofont-thin-double-right\"><\/i><\/a>\n\t\t\t<\/div>\n","protected":false},"featured_media":209,"comment_status":"open","ping_status":"closed","template":"","meta":[],"product_cat":[15,37],"product_tag":[],"_links":{"self":[{"href":"https:\/\/efxpedais.com\/loja\/wp-json\/wp\/v2\/product\/117"}],"collection":[{"href":"https:\/\/efxpedais.com\/loja\/wp-json\/wp\/v2\/product"}],"about":[{"href":"https:\/\/efxpedais.com\/loja\/wp-json\/wp\/v2\/types\/product"}],"replies":[{"embeddable":true,"href":"https:\/\/efxpedais.com\/loja\/wp-json\/wp\/v2\/comments?post=117"}],"wp:featuredmedia":[{"embeddable":true,"href":"https:\/\/efxpedais.com\/loja\/wp-json\/wp\/v2\/media\/209"}],"wp:attachment":[{"href":"https:\/\/efxpedais.com\/loja\/wp-json\/wp\/v2\/media?parent=117"}],"wp:term":[{"taxonomy":"product_cat","embeddable":true,"href":"https:\/\/efxpedais.com\/loja\/wp-json\/wp\/v2\/product_cat?post=117"},{"taxonomy":"product_tag","embeddable":true,"href":"https:\/\/efxpedais.com\/loja\/wp-json\/wp\/v2\/product_tag?post=117"}],"curies":[{"name":"wp","href":"https:\/\/api.w.org\/{rel}","templated":true}]}}