{"id":111,"date":"2021-11-30T23:32:12","date_gmt":"2021-12-01T02:32:12","guid":{"rendered":"https:\/\/efxpedais.com\/loja\/?post_type=product&#038;p=111"},"modified":"2025-01-03T10:55:28","modified_gmt":"2025-01-03T13:55:28","slug":"the-switcher","status":"publish","type":"product","link":"https:\/\/efxpedais.com\/loja\/shop\/seletores-fonte\/seletores\/the-switcher\/","title":{"rendered":"The Switcher"},"content":{"rendered":"<p class=\"prefacio\"><span>Linha A, linha B, ou simplesmente, Bypass.<\/span><\/p>\n<p><!--more--><\/p>\n<p>Com ele voc\u00ea tem a op\u00e7\u00e3o de selecionar entre 2 linhas de pedais A e B com um footswitch, e com o outro footswitch voc\u00ea pode escolher se usa essa linha ou da o bypass no sinal. Ent\u00e3o voc\u00ea pode utilizar a linha A, a linha B, ou nenhuma das duas.<\/p>\n<p>&nbsp;<\/p>\n<p>&nbsp;<\/p>\n<p>&nbsp;<\/p>\n<p>&nbsp;<\/p>\n<p><strong>Especifica\u00e7\u00f5es:<\/strong><\/p>\n<ul class=\"especificacoes\">\n<li>Dimens\u00f5es(CxLxA): 10cm x 8cm x 6cm<\/li>\n<li>True Bypass<\/li>\n<li>Caixa de a\u00e7o carbono<\/li>\n<li>Fundo anti derrapante<\/li>\n<li>Plug de fonte (padr\u00e3o Boss)<\/li>\n<\/ul>\n<\/div>\n","protected":false},"excerpt":{"rendered":"<p>Linha A, linha B, ou simplesmente, Bypass.<\/p>\n","protected":false},"featured_media":239,"comment_status":"open","ping_status":"closed","template":"","meta":[],"product_cat":[15,34],"product_tag":[],"_links":{"self":[{"href":"https:\/\/efxpedais.com\/loja\/wp-json\/wp\/v2\/product\/111"}],"collection":[{"href":"https:\/\/efxpedais.com\/loja\/wp-json\/wp\/v2\/product"}],"about":[{"href":"https:\/\/efxpedais.com\/loja\/wp-json\/wp\/v2\/types\/product"}],"replies":[{"embeddable":true,"href":"https:\/\/efxpedais.com\/loja\/wp-json\/wp\/v2\/comments?post=111"}],"wp:featuredmedia":[{"embeddable":true,"href":"https:\/\/efxpedais.com\/loja\/wp-json\/wp\/v2\/media\/239"}],"wp:attachment":[{"href":"https:\/\/efxpedais.com\/loja\/wp-json\/wp\/v2\/media?parent=111"}],"wp:term":[{"taxonomy":"product_cat","embeddable":true,"href":"https:\/\/efxpedais.com\/loja\/wp-json\/wp\/v2\/product_cat?post=111"},{"taxonomy":"product_tag","embeddable":true,"href":"https:\/\/efxpedais.com\/loja\/wp-json\/wp\/v2\/product_tag?post=111"}],"curies":[{"name":"wp","href":"https:\/\/api.w.org\/{rel}","templated":true}]}}