{"id":104,"date":"2021-11-30T23:32:10","date_gmt":"2021-12-01T02:32:10","guid":{"rendered":"https:\/\/efxpedais.com\/loja\/?post_type=product&#038;p=104"},"modified":"2025-01-03T10:56:59","modified_gmt":"2025-01-03T13:56:59","slug":"true-bypass-looper","status":"publish","type":"product","link":"https:\/\/efxpedais.com\/loja\/shop\/seletores-fonte\/seletores\/true-bypass-looper\/","title":{"rendered":"True Bypass Looper"},"content":{"rendered":"<p class=\"prefacio\">5 cadeias de pedais num loop station definitivo.<\/p>\n<p><!--more--><\/p>\n<p>Uma loop station: 5 cadeias de pedais que pode ser acionadas individualmente e em cascata. O que isso significa? Que os sinais de cada loop podem ser somados: 1 + 2 ou 2 + 5 ou 1 + 3 + 4 ou 2 + 3 + 5&#8230; Quer um exemplo pr\u00e1tico?Que tal separar seu setup de pedais por &#8220;categorias&#8221;, colocando drives leves num loop 1, drives pesados no loop 2, modula\u00e7\u00f5es no loop 3, delays e reverbs no loop 4, seu afinador no loop 5, e adciona-los a seu gosto na cadeia? N\u00e3o?<\/p>\n<p>Ent\u00e3o que tal separar 5 combina\u00e7\u00f5es de pedais diferentes pra cada som que sua banda precisa? Imagine ter o aquele pedal e aquele delay que voc\u00ea adora para solos em uma s\u00f3 pisada? Que tal colocar o afinador num dos loops e isol\u00e1-lo da cadeia?<\/p>\n<p>S\u00e3o infinitas possibilidades para infinitas necessidades! 5 loops n\u00e3o s\u00e3o suficientes? Que tal 2 True Bypass Looper combinados formando 10 loops no total?<\/p>\n<p>Bom, preparem suas calculadoras cient\u00edficas e comecem suas pr\u00f3prias equa\u00e7\u00f5es para serem controladas por esse verdadeiro painel de controle!<\/p>\n<p>&nbsp;<\/p>\n<p>&nbsp;<\/p>\n<p>&nbsp;<\/p>\n<p>&nbsp;<\/p>\n<p>&nbsp;<\/p>\n<p><strong>Especifica\u00e7\u00f5es:<\/strong><\/p>\n<ul class=\"especificacoes\">\n<li>Dimens\u00f5es(CxLxA): 26,5cm x 8,5cm x 6cm<\/li>\n<li>True Bypass<\/li>\n<li>Caixa de a\u00e7o carbono<\/li>\n<li>Plug de fonte (padr\u00e3o Boss)<\/li>\n<li>Fundo anti derrapante<\/li>\n<\/ul>\n<\/div>\n<h3>V\u00eddeos:<\/h3>\n<p><iframe loading=\"lazy\" src=\"\/\/www.youtube.com\/embed\/DzdKJjERnwY\" width=\"560\" height=\"315\" frameborder=\"0\" allowfullscreen=\"allowfullscreen\"><\/iframe><\/p>\n","protected":false},"excerpt":{"rendered":"<p>5 cadeias de pedais num loop station definitivo.<\/p>\n","protected":false},"featured_media":235,"comment_status":"open","ping_status":"closed","template":"","meta":[],"product_cat":[15,34],"product_tag":[],"_links":{"self":[{"href":"https:\/\/efxpedais.com\/loja\/wp-json\/wp\/v2\/product\/104"}],"collection":[{"href":"https:\/\/efxpedais.com\/loja\/wp-json\/wp\/v2\/product"}],"about":[{"href":"https:\/\/efxpedais.com\/loja\/wp-json\/wp\/v2\/types\/product"}],"replies":[{"embeddable":true,"href":"https:\/\/efxpedais.com\/loja\/wp-json\/wp\/v2\/comments?post=104"}],"wp:featuredmedia":[{"embeddable":true,"href":"https:\/\/efxpedais.com\/loja\/wp-json\/wp\/v2\/media\/235"}],"wp:attachment":[{"href":"https:\/\/efxpedais.com\/loja\/wp-json\/wp\/v2\/media?parent=104"}],"wp:term":[{"taxonomy":"product_cat","embeddable":true,"href":"https:\/\/efxpedais.com\/loja\/wp-json\/wp\/v2\/product_cat?post=104"},{"taxonomy":"product_tag","embeddable":true,"href":"https:\/\/efxpedais.com\/loja\/wp-json\/wp\/v2\/product_tag?post=104"}],"curies":[{"name":"wp","href":"https:\/\/api.w.org\/{rel}","templated":true}]}}