{"id":103,"date":"2021-11-30T23:32:09","date_gmt":"2021-12-01T02:32:09","guid":{"rendered":"https:\/\/efxpedais.com\/loja\/?post_type=product&#038;p=103"},"modified":"2025-01-03T10:57:39","modified_gmt":"2025-01-03T13:57:39","slug":"noise-gate","status":"publish","type":"product","link":"https:\/\/efxpedais.com\/loja\/shop\/modulacao-noisemaker\/modulacao\/noise-gate\/","title":{"rendered":"Noise Gate"},"content":{"rendered":"<p class=\"prefacio\">Elimine os ru\u00eddos HUM e HISS.<\/p>\n<p><!--more--><\/p>\n<p>Elimina todo ru\u00eddo presente no sinal da guitarra, devido a distor\u00e7\u00f5es, fontes, interfer\u00eancias, hum e hiss quando a guitarra n\u00e3o esta sendo tocada.<\/p>\n<p><strong>Controles:<\/strong><\/p>\n<ul>\n<li><strong>SENSITIVITY:<\/strong> Sensibilidade \u00e0 palhetada<\/li>\n<\/ul>\n<p>&nbsp;<\/p>\n<p>&nbsp;<\/p>\n<p>&nbsp;<\/p>\n<p>&nbsp;<\/p>\n<p>&nbsp;<\/p>\n<p><strong>Especifica\u00e7\u00f5es:<\/strong><\/p>\n<ul class=\"especificacoes\">\n<li>Dimens\u00f5es(CxLxA): 10cm x 8cm x 6cm<\/li>\n<li>True Bypass<\/li>\n<li>Caixa de a\u00e7o carbono<\/li>\n<li>Plug de fonte (padr\u00e3o Boss)<\/li>\n<li>Clip de bateria<\/li>\n<li>Fundo anti derrapante<\/li>\n<\/ul>\n<\/div>\n<h3>Video Samples<\/h3>\n<p><iframe loading=\"lazy\" src=\"http:\/\/www.youtube.com\/embed\/hGCKvtM15c8\" width=\"560\" height=\"315\" frameborder=\"0\" allowfullscreen=\"allowfullscreen\"><\/iframe><\/p>\n<h3>Audio Samples<\/h3>\n<p><iframe loading=\"lazy\" src=\"https:\/\/w.soundcloud.com\/player\/?url=https%3A\/\/api.soundcloud.com\/tracks\/16734644&amp;auto_play=false&amp;hide_related=false&amp;show_comments=true&amp;show_user=true&amp;show_reposts=false&amp;visual=true\" width=\"100%\" height=\"81\" frameborder=\"no\" scrolling=\"no\"><\/iframe><\/p>\n","protected":false},"excerpt":{"rendered":"<p>Elimine os ru\u00eddos HUM e HISS.<\/p>\n","protected":false},"featured_media":622,"comment_status":"open","ping_status":"closed","template":"","meta":[],"product_cat":[15,28],"product_tag":[],"_links":{"self":[{"href":"https:\/\/efxpedais.com\/loja\/wp-json\/wp\/v2\/product\/103"}],"collection":[{"href":"https:\/\/efxpedais.com\/loja\/wp-json\/wp\/v2\/product"}],"about":[{"href":"https:\/\/efxpedais.com\/loja\/wp-json\/wp\/v2\/types\/product"}],"replies":[{"embeddable":true,"href":"https:\/\/efxpedais.com\/loja\/wp-json\/wp\/v2\/comments?post=103"}],"wp:featuredmedia":[{"embeddable":true,"href":"https:\/\/efxpedais.com\/loja\/wp-json\/wp\/v2\/media\/622"}],"wp:attachment":[{"href":"https:\/\/efxpedais.com\/loja\/wp-json\/wp\/v2\/media?parent=103"}],"wp:term":[{"taxonomy":"product_cat","embeddable":true,"href":"https:\/\/efxpedais.com\/loja\/wp-json\/wp\/v2\/product_cat?post=103"},{"taxonomy":"product_tag","embeddable":true,"href":"https:\/\/efxpedais.com\/loja\/wp-json\/wp\/v2\/product_tag?post=103"}],"curies":[{"name":"wp","href":"https:\/\/api.w.org\/{rel}","templated":true}]}}