{"id":102,"date":"2021-11-30T23:32:09","date_gmt":"2021-12-01T02:32:09","guid":{"rendered":"https:\/\/efxpedais.com\/loja\/?post_type=product&#038;p=102"},"modified":"2025-01-03T10:57:56","modified_gmt":"2025-01-03T13:57:56","slug":"buffer-splitter","status":"publish","type":"product","link":"https:\/\/efxpedais.com\/loja\/shop\/seletores-fonte\/seletores\/buffer-splitter\/","title":{"rendered":"Buffer \/ Splitter"},"content":{"rendered":"<p class=\"prefacio\">Bufferize o sinal.<\/p>\n<p><!--more--><\/p>\n<p>O Buffer pode ter muitas utilidades em um pedalboard. Uma delas \u00e9 corrigir as imperfei\u00e7\u00f5es do sinal atrav\u00e9s do casamento das imped\u00e2ncias. A alta imped\u00e2ncia e baixa capacit\u00e2ncia na entrada do buffer \u00e9 ideal para casar a imped\u00e2ncia com os captadores da guitarra, o que minimiza a degrada\u00e7\u00e3o do sinal pelo cabo, facilitando a transfer\u00eancia de sinal. O Buffer tem tambem baixa imped\u00e2ncia de sa\u00edda, o que facilita a transmiss\u00e3o do sinal em cabos mais longos. Agora conta tambem com uma segunda sa\u00edda, onde voc\u00ea pode usar como divisor de sinal, mandar o sinal para a mesa ao mesmo tempo que vai para o amplificador, mandar para dois amplificadores, ou usando no come\u00e7o da cadeia, jogando uma das sa\u00eddas no afinador e a outra nos pedais.<\/p>\n<p>Quando os pedais est\u00e3o em bypass (true bypass), o comprimento total dos cabos entre a guitarra e o ampli \u00e9 muito grande, o que acarreta uma perda de sinal maior devido a capacit\u00e2ncia total dos cabos (inclusive entre os pedais), exigindo-se assim uma regulagem no amplificador com maior \u00eanfase nos agudos. Quando se aciona algum pedal, o sinal volta a ser bufferizado, aumentando os ru\u00eddos em alta frequ\u00eancia. Para solucionar isso, adiciona-se um buffer na entrada do pedal board.<\/p>\n<p>A imped\u00e2ncia ser\u00e1 constante mesmo com os pedais em bypass, minimizando-se as perdas existentes nas interliga\u00e7\u00f5es de pedais true bypass, bem como a liga\u00e7\u00e3o do cabo com o amplificador. Portanto o ideal \u00e9 possu\u00edr 2 buffers, um na entrada e um na sa\u00edda do pedal board, e ter todos os pedais true bypass.<\/p>\n<p><strong>Especifica\u00e7\u00f5es: <\/strong><\/p>\n<ul class=\"especificacoes\">\n<li>Dimens\u00f5es(CxLxA): 7,5cm x 6cm x 3,5cm<\/li>\n<li>Caixa pl\u00e1stica<\/li>\n<li>Clip para bateria 9v<\/li>\n<li>Plug de fonte padr\u00e3o boss<\/li>\n<\/ul>\n<\/div>\n","protected":false},"excerpt":{"rendered":"<p>Bufferize o sinal.<\/p>\n","protected":false},"featured_media":232,"comment_status":"open","ping_status":"closed","template":"","meta":[],"product_cat":[15,34],"product_tag":[],"_links":{"self":[{"href":"https:\/\/efxpedais.com\/loja\/wp-json\/wp\/v2\/product\/102"}],"collection":[{"href":"https:\/\/efxpedais.com\/loja\/wp-json\/wp\/v2\/product"}],"about":[{"href":"https:\/\/efxpedais.com\/loja\/wp-json\/wp\/v2\/types\/product"}],"replies":[{"embeddable":true,"href":"https:\/\/efxpedais.com\/loja\/wp-json\/wp\/v2\/comments?post=102"}],"wp:featuredmedia":[{"embeddable":true,"href":"https:\/\/efxpedais.com\/loja\/wp-json\/wp\/v2\/media\/232"}],"wp:attachment":[{"href":"https:\/\/efxpedais.com\/loja\/wp-json\/wp\/v2\/media?parent=102"}],"wp:term":[{"taxonomy":"product_cat","embeddable":true,"href":"https:\/\/efxpedais.com\/loja\/wp-json\/wp\/v2\/product_cat?post=102"},{"taxonomy":"product_tag","embeddable":true,"href":"https:\/\/efxpedais.com\/loja\/wp-json\/wp\/v2\/product_tag?post=102"}],"curies":[{"name":"wp","href":"https:\/\/api.w.org\/{rel}","templated":true}]}}